{"id":503,"date":"2017-07-18T09:10:49","date_gmt":"2017-07-18T07:10:49","guid":{"rendered":"https:\/\/help-reisebegleitung.de\/services\/"},"modified":"2025-10-27T13:13:02","modified_gmt":"2025-10-27T12:13:02","slug":"services","status":"publish","type":"page","link":"https:\/\/help-reisebegleitung.de\/fr\/services\/","title":{"rendered":"Services"},"content":{"rendered":"<p><div class=\"fusion-fullwidth fullwidth-box fusion-builder-row-1 nonhundred-percent-fullwidth non-hundred-percent-height-scrolling\" style=\"--awb-border-radius-top-left:0px;--awb-border-radius-top-right:0px;--awb-border-radius-bottom-right:0px;--awb-border-radius-bottom-left:0px;--awb-flex-wrap:wrap;\" ><div class=\"fusion-builder-row fusion-row\"><div class=\"fusion-layout-column fusion_builder_column fusion-builder-column-0 fusion_builder_column_1_1 1_1 fusion-one-full fusion-column-first fusion-column-last\" style=\"--awb-bg-size:cover;\"><div class=\"fusion-column-wrapper fusion-flex-column-wrapper-legacy\"><div class=\"fusion-text fusion-text-1\"><h1>Nos services<\/h1>\n<p><img decoding=\"async\" class=\"alignright size-fusion-400 wp-image-1096\" src=\"https:\/\/help-reisebegleitung.de\/wp-content\/uploads\/2025\/10\/Gepaeck-400x589.png\" alt=\"\" width=\"400\" height=\"589\" srcset=\"https:\/\/help-reisebegleitung.de\/wp-content\/uploads\/2025\/10\/Gepaeck-200x295.png 200w, https:\/\/help-reisebegleitung.de\/wp-content\/uploads\/2025\/10\/Gepaeck-204x300.png 204w, https:\/\/help-reisebegleitung.de\/wp-content\/uploads\/2025\/10\/Gepaeck-400x589.png 400w, https:\/\/help-reisebegleitung.de\/wp-content\/uploads\/2025\/10\/Gepaeck-600x884.png 600w, https:\/\/help-reisebegleitung.de\/wp-content\/uploads\/2025\/10\/Gepaeck-695x1024.png 695w, https:\/\/help-reisebegleitung.de\/wp-content\/uploads\/2025\/10\/Gepaeck.png 725w\" sizes=\"(max-width: 400px) 100vw, 400px\" \/>Nous vous soutenons dans votre voyage pour que vous restiez mobile malgr\u00e9 votre besoin en accompagnement et\/ ou en soin et pour que vous puissiez r\u00e9aliser vos r\u00eaves de voyage.<\/p>\n<p>Notre \u00e9quipe se compose de collaborateurs qualifi\u00e9s qui sont sp\u00e9cialis\u00e9s dans les domaines de soin infirmier, de soin des personnes \u00e2g\u00e9es et d\u2019\u00e9ducation.<\/p>\n<\/div><div class=\"fusion-text fusion-text-2\"><h3 data-fontsize=\"24\" data-lineheight=\"36\">Notre gamme de services est structur\u00e9e comme suit:<\/h3>\n<\/div><ul style=\"--awb-size:20px;--awb-iconcolor:#093d6b;--awb-line-height:34px;--awb-icon-width:34px;--awb-icon-height:34px;--awb-icon-margin:14px;--awb-content-margin:48px;\" class=\"fusion-checklist fusion-checklist-1 fusion-checklist-default type-icons\"><li class=\"fusion-li-item\" style=\"\"><span class=\"icon-wrapper circle-no\"><i class=\"fusion-li-icon fa-suitcase fas\" aria-hidden=\"true\"><\/i><\/span><div class=\"fusion-li-item-content\">D\u00e9but du voyage \u00e0 l\u2019endroit de votre choix (soit \u00e0 la maison, \u00e0 l\u2019a\u00e9roport soit au quai)<\/div><\/li><li class=\"fusion-li-item\" style=\"\"><span class=\"icon-wrapper circle-no\"><i class=\"fusion-li-icon fa-suitcase fas\" aria-hidden=\"true\"><\/i><\/span><div class=\"fusion-li-item-content\">Accompagnement pendant le cong\u00e9 par accord<\/div><\/li><li class=\"fusion-li-item\" style=\"\"><span class=\"icon-wrapper circle-no\"><i class=\"fusion-li-icon fa-suitcase fas\" aria-hidden=\"true\"><\/i><\/span><div class=\"fusion-li-item-content\">Soin de base et de traitement<\/div><\/li><li class=\"fusion-li-item\" style=\"\"><span class=\"icon-wrapper circle-no\"><i class=\"fusion-li-icon fa-suitcase fas\" aria-hidden=\"true\"><\/i><\/span><div class=\"fusion-li-item-content\">Encadrement professionel<\/div><\/li><li class=\"fusion-li-item\" style=\"\"><span class=\"icon-wrapper circle-no\"><i class=\"fusion-li-icon fa-suitcase fas\" aria-hidden=\"true\"><\/i><\/span><div class=\"fusion-li-item-content\">Voyages individuels<\/div><\/li><li class=\"fusion-li-item\" style=\"\"><span class=\"icon-wrapper circle-no\"><i class=\"fusion-li-icon fa-suitcase fas\" aria-hidden=\"true\"><\/i><\/span><div class=\"fusion-li-item-content\">Voyages en groupe avec un maximum de cinq personnes<\/div><\/li><li class=\"fusion-li-item\" style=\"\"><span class=\"icon-wrapper circle-no\"><i class=\"fusion-li-icon fa-suitcase fas\" aria-hidden=\"true\"><\/i><\/span><div class=\"fusion-li-item-content\">\n<p>Destinations paneurop\u00e9ennes au choix<br \/>\n(la Norv\u00e8ge, la Finlande, la Su\u00e8de, le Danemark, les Pays-Bas, la Belgique, le Luxembourg, l&rsquo;Angleterre, la France, Monaco, l&rsquo;Allemagne, l&rsquo;Autriche, la Suisse, Andorre, l\u2019Espagne, Majorque, le Portugal, l\u2019Italie)<\/p>\n<\/div><\/li><li class=\"fusion-li-item\" style=\"\"><span class=\"icon-wrapper circle-no\"><i class=\"fusion-li-icon fa-suitcase fas\" aria-hidden=\"true\"><\/i><\/span><div class=\"fusion-li-item-content\">\n<p>Sur demande, d&rsquo;apprendre \u00e0 conna\u00eetre votre compagnon avant le d\u00e9part (surcharge)<\/p>\n<\/div><\/li><\/ul><div class=\"fusion-sep-clear\"><\/div><div class=\"fusion-separator fusion-full-width-sep\" style=\"margin-left: auto;margin-right: auto;margin-top:20px;margin-bottom:20px;width:100%;\"><div class=\"fusion-separator-border sep-single sep-solid\" style=\"--awb-height:20px;--awb-amount:20px;border-color:#e0dede;border-top-width:1px;\"><\/div><\/div><div class=\"fusion-sep-clear\"><\/div><div class=\"fusion-text fusion-text-3\"><h3>Remarque:<\/h3>\n<\/div><ul style=\"--awb-size:20px;--awb-iconcolor:#093d6b;--awb-line-height:34px;--awb-icon-width:34px;--awb-icon-height:34px;--awb-icon-margin:14px;--awb-content-margin:48px;\" class=\"fusion-checklist fusion-checklist-2 fusion-checklist-default type-icons\"><li class=\"fusion-li-item\" style=\"\"><span class=\"icon-wrapper circle-no\"><i class=\"fusion-li-icon fa-check fas\" aria-hidden=\"true\"><\/i><\/span><div class=\"fusion-li-item-content\">Il faut discuter les services souhait\u00e9s dans un d\u00e9lai convenable pour permettre l\u2019intensit\u00e9 du soin.<\/div><\/li><li class=\"fusion-li-item\" style=\"\"><span class=\"icon-wrapper circle-no\"><i class=\"fusion-li-icon fa-check fas\" aria-hidden=\"true\"><\/i><\/span><div class=\"fusion-li-item-content\">Les co\u00fbts sont seulement \u00e0 la charge du contractant de HELP accompagnement des voyages.<\/div><\/li><li class=\"fusion-li-item\" style=\"\"><span class=\"icon-wrapper circle-no\"><i class=\"fusion-li-icon fa-check fas\" aria-hidden=\"true\"><\/i><\/span><div class=\"fusion-li-item-content\">L\u2019accompagnateur de voyage a droit au g\u00eete (chambre individuelle) et au couvert.<\/div><\/li><li class=\"fusion-li-item\" style=\"\"><span class=\"icon-wrapper circle-no\"><i class=\"fusion-li-icon fa-check fas\" aria-hidden=\"true\"><\/i><\/span><div class=\"fusion-li-item-content\">En vertu de la loi du travail allemande l\u2019accompagnateur de voyage a droit aux temps de repos ad\u00e9quats.<\/div><\/li><\/ul><div class=\"fusion-clearfix\"><\/div><\/div><\/div><\/div><\/div><div class=\"fusion-fullwidth fullwidth-box fusion-builder-row-2 fusion-flex-container has-pattern-background has-mask-background fusion-parallax-fixed nonhundred-percent-fullwidth non-hundred-percent-height-scrolling\" style=\"--awb-background-blend-mode:lighten;--awb-border-radius-top-left:0px;--awb-border-radius-top-right:0px;--awb-border-radius-bottom-right:0px;--awb-border-radius-bottom-left:0px;--awb-padding-bottom:90px;--awb-background-color:rgba(255,255,255,0.45);--awb-background-image:url(&quot;https:\/\/help-reisebegleitung.de\/wp-content\/uploads\/2025\/10\/Strandfoto.png&quot;);--awb-background-size:cover;--awb-flex-wrap:wrap;background-attachment:fixed;\" ><div class=\"fusion-builder-row fusion-row fusion-flex-align-items-flex-start fusion-flex-content-wrap\" style=\"max-width:1248px;margin-left: calc(-4% \/ 2 );margin-right: calc(-4% \/ 2 );\"><div class=\"fusion-layout-column fusion_builder_column fusion-builder-column-1 fusion_builder_column_1_1 1_1 fusion-flex-column\" style=\"--awb-bg-size:cover;--awb-width-large:100%;--awb-margin-top-large:0px;--awb-spacing-right-large:1.92%;--awb-margin-bottom-large:20px;--awb-spacing-left-large:1.92%;--awb-width-medium:100%;--awb-spacing-right-medium:1.92%;--awb-spacing-left-medium:1.92%;--awb-width-small:100%;--awb-spacing-right-small:1.92%;--awb-spacing-left-small:1.92%;\"><div class=\"fusion-column-wrapper fusion-flex-justify-content-flex-start fusion-content-layout-column\"><div class=\"fusion-section-separator section-separator slant fusion-section-separator-1\" style=\"--awb-spacer-height:99px;--awb-svg-margin-left:1.92%;--awb-svg-margin-right:1.92%;--awb-svg-margin-left-medium:1.92%;--awb-svg-margin-right-medium:1.92%;--awb-svg-margin-left-small:1.92%;--awb-svg-margin-right-small:1.92%;--awb-divider-height:99px;--awb-spacer-padding-top:inherit;--awb-sep-padding:0;--awb-svg-padding:0;\"><div class=\"fusion-section-separator-svg\"><svg class=\"fusion-slant-candy\" xmlns=\"http:\/\/www.w3.org\/2000\/svg\" version=\"1.1\" width=\"100%\" height=\"100\" viewBox=\"0 0 100 100\" preserveAspectRatio=\"none\" fill=\"rgba(249,251,211,1)\"><path d=\"M100 0 L100 100 L0 0 Z\"><\/path><\/svg><\/div><div class=\"fusion-section-separator-spacer\"><div class=\"fusion-section-separator-spacer-height\"><\/div><\/div><\/div><\/div><\/div><div class=\"fusion-layout-column fusion_builder_column fusion-builder-column-2 fusion_builder_column_1_1 1_1 fusion-flex-column\" style=\"--awb-padding-top:0px;--awb-padding-right:0px;--awb-padding-bottom:0px;--awb-padding-left:0px;--awb-bg-size:cover;--awb-border-color:#ffffff;--awb-border-top:0;--awb-border-right:0;--awb-border-bottom:0;--awb-border-left:0;--awb-border-style:solid;--awb-width-large:100%;--awb-margin-top-large:0px;--awb-spacing-right-large:1.92%;--awb-margin-bottom-large:20px;--awb-spacing-left-large:1.92%;--awb-width-medium:100%;--awb-spacing-right-medium:1.92%;--awb-spacing-left-medium:1.92%;--awb-width-small:100%;--awb-spacing-right-small:1.92%;--awb-spacing-left-small:1.92%;\"><div class=\"fusion-column-wrapper fusion-flex-justify-content-flex-start fusion-content-layout-column\"><div class=\"fusion-text fusion-text-4\"><h3>N\u2019h\u00e9sitez pas \u00e0 nous contacter.<\/h3>\n<\/div><\/div><\/div><div class=\"fusion-layout-column fusion_builder_column fusion-builder-column-3 fusion_builder_column_3_4 3_4 fusion-flex-column\" style=\"--awb-bg-size:cover;--awb-width-large:75%;--awb-margin-top-large:0px;--awb-spacing-right-large:2.56%;--awb-margin-bottom-large:20px;--awb-spacing-left-large:2.56%;--awb-width-medium:100%;--awb-spacing-right-medium:1.92%;--awb-spacing-left-medium:1.92%;--awb-width-small:100%;--awb-spacing-right-small:1.92%;--awb-spacing-left-small:1.92%;\"><div class=\"fusion-column-wrapper fusion-flex-justify-content-flex-start fusion-content-layout-column\"><div class=\"fusion-text fusion-text-5\"><p>\u00cates-vous int\u00e9ress\u00e9 \u00e0 notre offre, avez-vous des questions ou souhaitez-vous des informations de plus amples?<\/p>\n<\/div><\/div><\/div><div class=\"fusion-layout-column fusion_builder_column fusion-builder-column-4 fusion_builder_column_1_4 1_4 fusion-flex-column\" style=\"--awb-bg-size:cover;--awb-width-large:25%;--awb-margin-top-large:0px;--awb-spacing-right-large:7.68%;--awb-margin-bottom-large:20px;--awb-spacing-left-large:7.68%;--awb-width-medium:100%;--awb-spacing-right-medium:1.92%;--awb-spacing-left-medium:1.92%;--awb-width-small:100%;--awb-spacing-right-small:1.92%;--awb-spacing-left-small:1.92%;\"><div class=\"fusion-column-wrapper fusion-flex-justify-content-flex-start fusion-content-layout-column\"><div style=\"text-align:left;\"><a class=\"fusion-button button-flat button-medium button-default fusion-button-default button-1 fusion-button-default-span fusion-button-default-type fusion-animated\" data-animationType=\"fadeInLeft\" data-animationDuration=\"0.3\" data-animationOffset=\"top-into-view\" target=\"_self\" title=\"Contactez-nous.\" aria-label=\"Contactez-nous.\" href=\"https:\/\/help-reisebegleitung.de\/fr\/contact\/\"><i class=\" fa fa-phone awb-button__icon awb-button__icon--default button-icon-left\" aria-hidden=\"true\"><\/i><span class=\"fusion-button-text awb-button__text awb-button__text--default\">Contactez-nous.<\/span><\/a><\/div><\/div><\/div><\/div><\/div><\/p>\n","protected":false},"excerpt":{"rendered":"","protected":false},"author":1,"featured_media":0,"parent":0,"menu_order":0,"comment_status":"closed","ping_status":"closed","template":"100-width.php","meta":{"footnotes":""},"class_list":["post-503","page","type-page","status-publish","hentry"],"yoast_head":"<!-- This site is optimized with the Yoast SEO plugin v26.9 - https:\/\/yoast.com\/product\/yoast-seo-wordpress\/ -->\n<title>HELP accompagnement de voyages pour enfants et adultes<\/title>\n<meta name=\"description\" content=\"Nous vous soutenons dans votre voyage pour que vous restiez mobile malgr\u00e9 votre besoin en accompagnement et\/ ou en soin et pour que vous puissiez r\u00e9aliser vos r\u00eaves de voyage.\" \/>\n<meta name=\"robots\" content=\"index, follow, max-snippet:-1, max-image-preview:large, max-video-preview:-1\" \/>\n<link rel=\"canonical\" href=\"https:\/\/help-reisebegleitung.de\/fr\/services\/\" \/>\n<meta property=\"og:locale\" content=\"fr_FR\" \/>\n<meta property=\"og:type\" content=\"article\" \/>\n<meta property=\"og:title\" content=\"HELP accompagnement de voyages pour enfants et adultes\" \/>\n<meta property=\"og:description\" content=\"Nous vous soutenons dans votre voyage pour que vous restiez mobile malgr\u00e9 votre besoin en accompagnement et\/ ou en soin et pour que vous puissiez r\u00e9aliser vos r\u00eaves de voyage.\" \/>\n<meta property=\"og:url\" content=\"https:\/\/help-reisebegleitung.de\/fr\/services\/\" \/>\n<meta property=\"og:site_name\" content=\"HELP Reisebegleitung\" \/>\n<meta property=\"article:modified_time\" content=\"2025-10-27T12:13:02+00:00\" \/>\n<meta property=\"og:image\" content=\"https:\/\/help-reisebegleitung.de\/wp-content\/uploads\/2025\/10\/Gepaeck.png\" \/>\n\t<meta property=\"og:image:width\" content=\"725\" \/>\n\t<meta property=\"og:image:height\" content=\"1068\" \/>\n\t<meta property=\"og:image:type\" content=\"image\/png\" \/>\n<meta name=\"twitter:card\" content=\"summary_large_image\" \/>\n<meta name=\"twitter:label1\" content=\"Dur\u00e9e de lecture estim\u00e9e\" \/>\n\t<meta name=\"twitter:data1\" content=\"2 minutes\" \/>\n<script type=\"application\/ld+json\" class=\"yoast-schema-graph\">{\"@context\":\"https:\/\/schema.org\",\"@graph\":[{\"@type\":\"WebPage\",\"@id\":\"https:\/\/help-reisebegleitung.de\/fr\/services\/\",\"url\":\"https:\/\/help-reisebegleitung.de\/fr\/services\/\",\"name\":\"HELP accompagnement de voyages pour enfants et adultes\",\"isPartOf\":{\"@id\":\"https:\/\/help-reisebegleitung.de\/#website\"},\"primaryImageOfPage\":{\"@id\":\"https:\/\/help-reisebegleitung.de\/fr\/services\/#primaryimage\"},\"image\":{\"@id\":\"https:\/\/help-reisebegleitung.de\/fr\/services\/#primaryimage\"},\"thumbnailUrl\":\"https:\/\/help-reisebegleitung.de\/wp-content\/uploads\/2025\/10\/Gepaeck-400x589.png\",\"datePublished\":\"2017-07-18T07:10:49+00:00\",\"dateModified\":\"2025-10-27T12:13:02+00:00\",\"description\":\"Nous vous soutenons dans votre voyage pour que vous restiez mobile malgr\u00e9 votre besoin en accompagnement et\/ ou en soin et pour que vous puissiez r\u00e9aliser vos r\u00eaves de voyage.\",\"breadcrumb\":{\"@id\":\"https:\/\/help-reisebegleitung.de\/fr\/services\/#breadcrumb\"},\"inLanguage\":\"fr-FR\",\"potentialAction\":[{\"@type\":\"ReadAction\",\"target\":[\"https:\/\/help-reisebegleitung.de\/fr\/services\/\"]}]},{\"@type\":\"ImageObject\",\"inLanguage\":\"fr-FR\",\"@id\":\"https:\/\/help-reisebegleitung.de\/fr\/services\/#primaryimage\",\"url\":\"https:\/\/help-reisebegleitung.de\/wp-content\/uploads\/2025\/10\/Gepaeck-400x589.png\",\"contentUrl\":\"https:\/\/help-reisebegleitung.de\/wp-content\/uploads\/2025\/10\/Gepaeck-400x589.png\"},{\"@type\":\"BreadcrumbList\",\"@id\":\"https:\/\/help-reisebegleitung.de\/fr\/services\/#breadcrumb\",\"itemListElement\":[{\"@type\":\"ListItem\",\"position\":1,\"name\":\"Startseite\",\"item\":\"https:\/\/help-reisebegleitung.de\/fr\/\"},{\"@type\":\"ListItem\",\"position\":2,\"name\":\"Services\"}]},{\"@type\":\"WebSite\",\"@id\":\"https:\/\/help-reisebegleitung.de\/#website\",\"url\":\"https:\/\/help-reisebegleitung.de\/\",\"name\":\"HELP Reisebegleitung\",\"description\":\"Reisebegleitung f\u00fcr Menschen mit Betreuungs- oder Pflegebedarf\",\"potentialAction\":[{\"@type\":\"SearchAction\",\"target\":{\"@type\":\"EntryPoint\",\"urlTemplate\":\"https:\/\/help-reisebegleitung.de\/?s={search_term_string}\"},\"query-input\":{\"@type\":\"PropertyValueSpecification\",\"valueRequired\":true,\"valueName\":\"search_term_string\"}}],\"inLanguage\":\"fr-FR\"}]}<\/script>\n<!-- \/ Yoast SEO plugin. -->","yoast_head_json":{"title":"HELP accompagnement de voyages pour enfants et adultes","description":"Nous vous soutenons dans votre voyage pour que vous restiez mobile malgr\u00e9 votre besoin en accompagnement et\/ ou en soin et pour que vous puissiez r\u00e9aliser vos r\u00eaves de voyage.","robots":{"index":"index","follow":"follow","max-snippet":"max-snippet:-1","max-image-preview":"max-image-preview:large","max-video-preview":"max-video-preview:-1"},"canonical":"https:\/\/help-reisebegleitung.de\/fr\/services\/","og_locale":"fr_FR","og_type":"article","og_title":"HELP accompagnement de voyages pour enfants et adultes","og_description":"Nous vous soutenons dans votre voyage pour que vous restiez mobile malgr\u00e9 votre besoin en accompagnement et\/ ou en soin et pour que vous puissiez r\u00e9aliser vos r\u00eaves de voyage.","og_url":"https:\/\/help-reisebegleitung.de\/fr\/services\/","og_site_name":"HELP Reisebegleitung","article_modified_time":"2025-10-27T12:13:02+00:00","og_image":[{"width":725,"height":1068,"url":"https:\/\/help-reisebegleitung.de\/wp-content\/uploads\/2025\/10\/Gepaeck.png","type":"image\/png"}],"twitter_card":"summary_large_image","twitter_misc":{"Dur\u00e9e de lecture estim\u00e9e":"2 minutes"},"schema":{"@context":"https:\/\/schema.org","@graph":[{"@type":"WebPage","@id":"https:\/\/help-reisebegleitung.de\/fr\/services\/","url":"https:\/\/help-reisebegleitung.de\/fr\/services\/","name":"HELP accompagnement de voyages pour enfants et adultes","isPartOf":{"@id":"https:\/\/help-reisebegleitung.de\/#website"},"primaryImageOfPage":{"@id":"https:\/\/help-reisebegleitung.de\/fr\/services\/#primaryimage"},"image":{"@id":"https:\/\/help-reisebegleitung.de\/fr\/services\/#primaryimage"},"thumbnailUrl":"https:\/\/help-reisebegleitung.de\/wp-content\/uploads\/2025\/10\/Gepaeck-400x589.png","datePublished":"2017-07-18T07:10:49+00:00","dateModified":"2025-10-27T12:13:02+00:00","description":"Nous vous soutenons dans votre voyage pour que vous restiez mobile malgr\u00e9 votre besoin en accompagnement et\/ ou en soin et pour que vous puissiez r\u00e9aliser vos r\u00eaves de voyage.","breadcrumb":{"@id":"https:\/\/help-reisebegleitung.de\/fr\/services\/#breadcrumb"},"inLanguage":"fr-FR","potentialAction":[{"@type":"ReadAction","target":["https:\/\/help-reisebegleitung.de\/fr\/services\/"]}]},{"@type":"ImageObject","inLanguage":"fr-FR","@id":"https:\/\/help-reisebegleitung.de\/fr\/services\/#primaryimage","url":"https:\/\/help-reisebegleitung.de\/wp-content\/uploads\/2025\/10\/Gepaeck-400x589.png","contentUrl":"https:\/\/help-reisebegleitung.de\/wp-content\/uploads\/2025\/10\/Gepaeck-400x589.png"},{"@type":"BreadcrumbList","@id":"https:\/\/help-reisebegleitung.de\/fr\/services\/#breadcrumb","itemListElement":[{"@type":"ListItem","position":1,"name":"Startseite","item":"https:\/\/help-reisebegleitung.de\/fr\/"},{"@type":"ListItem","position":2,"name":"Services"}]},{"@type":"WebSite","@id":"https:\/\/help-reisebegleitung.de\/#website","url":"https:\/\/help-reisebegleitung.de\/","name":"HELP Reisebegleitung","description":"Reisebegleitung f\u00fcr Menschen mit Betreuungs- oder Pflegebedarf","potentialAction":[{"@type":"SearchAction","target":{"@type":"EntryPoint","urlTemplate":"https:\/\/help-reisebegleitung.de\/?s={search_term_string}"},"query-input":{"@type":"PropertyValueSpecification","valueRequired":true,"valueName":"search_term_string"}}],"inLanguage":"fr-FR"}]}},"_links":{"self":[{"href":"https:\/\/help-reisebegleitung.de\/fr\/wp-json\/wp\/v2\/pages\/503","targetHints":{"allow":["GET"]}}],"collection":[{"href":"https:\/\/help-reisebegleitung.de\/fr\/wp-json\/wp\/v2\/pages"}],"about":[{"href":"https:\/\/help-reisebegleitung.de\/fr\/wp-json\/wp\/v2\/types\/page"}],"author":[{"embeddable":true,"href":"https:\/\/help-reisebegleitung.de\/fr\/wp-json\/wp\/v2\/users\/1"}],"replies":[{"embeddable":true,"href":"https:\/\/help-reisebegleitung.de\/fr\/wp-json\/wp\/v2\/comments?post=503"}],"version-history":[{"count":28,"href":"https:\/\/help-reisebegleitung.de\/fr\/wp-json\/wp\/v2\/pages\/503\/revisions"}],"predecessor-version":[{"id":1118,"href":"https:\/\/help-reisebegleitung.de\/fr\/wp-json\/wp\/v2\/pages\/503\/revisions\/1118"}],"wp:attachment":[{"href":"https:\/\/help-reisebegleitung.de\/fr\/wp-json\/wp\/v2\/media?parent=503"}],"curies":[{"name":"wp","href":"https:\/\/api.w.org\/{rel}","templated":true}]}}