{"id":524,"date":"2017-07-18T09:13:44","date_gmt":"2017-07-18T07:13:44","guid":{"rendered":"https:\/\/help-reisebegleitung.de\/cg\/"},"modified":"2025-06-02T07:46:37","modified_gmt":"2025-06-02T05:46:37","slug":"cg","status":"publish","type":"page","link":"https:\/\/help-reisebegleitung.de\/fr\/cg\/","title":{"rendered":"CG"},"content":{"rendered":"<div class=\"fusion-fullwidth fullwidth-box fusion-builder-row-1 nonhundred-percent-fullwidth non-hundred-percent-height-scrolling\" style=\"--awb-border-radius-top-left:0px;--awb-border-radius-top-right:0px;--awb-border-radius-bottom-right:0px;--awb-border-radius-bottom-left:0px;--awb-flex-wrap:wrap;\" ><div class=\"fusion-builder-row fusion-row\"><div class=\"fusion-layout-column fusion_builder_column fusion-builder-column-0 fusion_builder_column_1_1 1_1 fusion-one-full fusion-column-first fusion-column-last\" style=\"--awb-bg-size:cover;--awb-margin-bottom:0px;\"><div class=\"fusion-column-wrapper fusion-flex-column-wrapper-legacy\"><div class=\"fusion-text fusion-text-1\"><p data-fontsize=\"28\" data-lineheight=\"42\">&#8211;\u00a0CG en allemand &#8211;<\/p>\n<h2 data-fontsize=\"28\" data-lineheight=\"42\">Allgemeine Dienstleistungsbedingungen von HELP Reisebegleitung<\/h2>\n<\/div><div class=\"fusion-text fusion-text-2\"><p>Sehr geehrte Reiseg\u00e4ste,<\/p>\n<p>die nachfolgenden Bestimmungen werden, soweit wirksam vereinbart, Inhalt des zwischen Ihnen und der HELP Reisebegleitung im Beauftragungsfall zu Stande kommenden Dienstleistungsvertrages. Sie erg\u00e4nzen die gesetzlichen Vorschriften der \u00a7\u00a7 651a \u2013 m BGB (B\u00fcrgerliches Gesetzbuch) und f\u00fcllen diese aus.<\/p>\n<p>Bitte lesen Sie diese Reisebedingungen vor Ihrer Beauftragung sorgf\u00e4ltig durch.<\/p>\n<p><strong>1 Geltungsbereich dieser Reisebedingungen, Stellung von HELP Reisebegleitung<\/strong><\/p>\n<p>HELP Reisebegleitung f\u00fchrt ausschlie\u00dflich Dienstleistungen in den Bereichen der Pflege sowie der Begleitung bzw. der Betreuung durch. HELP Reisebegleitung ist NICHT\u00a0zust\u00e4ndig f\u00fcr die Buchung von Reisen und anderen organisatorischen Reiseformularien.<\/p>\n<p><strong>2 Gruppenreisen<\/strong><\/p>\n<p>Die Gr\u00f6\u00dfe einer Gruppe darf max. 5 Personen pro Reisebegleiter betragen.<\/p>\n<p><strong>3 Abschluss des Dienstleistungsvertrages, Verpflichtungen der Begleitperson<\/strong><\/p>\n<p>Die Begleitung beginnt mit der schriftlichen Beauftragung durch einen Dienstleistungsvertrag mit HELP Reisebegleitung zu dem von Ihnen angegebenen Zeitraum.<\/p>\n<p>Das Reisegebiet von HELP Reisebegleitung ist Europa mit folgenden L\u00e4ndern:<\/p>\n<ul>\n<li>Norwegen<\/li>\n<li>Finnland<\/li>\n<li>Schweden<\/li>\n<li>D\u00e4nemark<\/li>\n<li>Niederlande<\/li>\n<li>Belgien<\/li>\n<li>Luxemburg<\/li>\n<li>England<\/li>\n<li>Frankreich<\/li>\n<li>Monaco<\/li>\n<li>Deutschland<\/li>\n<li>\u00d6sterreich<\/li>\n<li>Schweiz<\/li>\n<li>Andorra<\/li>\n<li>Spanien<\/li>\n<li>Mallorca<\/li>\n<li>Portugal<\/li>\n<li>Italien<\/li>\n<\/ul>\n<p>Einzelne Dienstleistungen, die wir anbieten, im \u00dcberblick:<\/p>\n<ul>\n<li>Grund- und Behandlungspflege<\/li>\n<li>Begleitservice zu den von Ihnen gew\u00fcnschten \u00d6rtlichkeiten sowie w\u00e4hrend der Reise<\/li>\n<li>Betreuung<\/li>\n<li>Treffpunkt zur Abreise nach Ihren W\u00fcnschen<\/li>\n<li>Auf Wunsch Kennenlernen Ihrer Begleitperson vor Reiseantritt (gegen Geb\u00fchr)<\/li>\n<li>Die gew\u00fcnschten Leistungen sollten zeitnah besprochen sein, um die Intensit\u00e4t der Versorgung zu erm\u00f6glichen.<\/li>\n<\/ul>\n<p><strong>4 Bezahlung<\/strong><\/p>\n<p>Nach Vertragsabschluss ist die Bezahlung der Reisedienstleistung in voller H\u00f6he zu leisten.<\/p>\n<p><strong><strong>5 Abschnitt f\u00fcr zuk\u00fcnftige Erg\u00e4nzungen (leer)<\/strong><\/strong><\/p>\n<p><strong>6<\/strong>\u00a0<strong>Leistungs\u00e4nderungen<\/strong><\/p>\n<p>HELP Reisebegleitung ist verpflichtet, den Kunden \u00fcber wesentliche Leistungs\u00e4nderungen unverz\u00fcglich nach Kenntnis von dem \u00c4nderungsgrund zu informieren.<\/p>\n<p><strong>7 Preiserh\u00f6hung<\/strong><\/p>\n<p>HELP Reisebegleitung beh\u00e4lt sich vor, den im Dienstleistungsvertrag vereinbarten Preis im Falle der Erh\u00f6hung der Aufw\u00e4nde f\u00fcr die Gew\u00e4hrleistung der vereinbarten Dienstleistungen zu \u00e4ndern.<\/p>\n<p><strong>8 R\u00fccktritt durch den Kunden vor Reisebeginn \/Stornokosten<\/strong><\/p>\n<p>K\u00fcndigt der Kunde bis 2 Wochen vor Reisebeginn die Reiseassistenz, dann fallen 50 Prozent der vertraglich vereinbarten Reisekosten an.<\/p>\n<p>K\u00fcndigt der Kunde unter 2 Wochen vor Reisebeginn die Reiseassistenz, so fallen 100 Prozent der vertraglich vereinbarten Reisekosten an.<\/p>\n<p><strong>9\u00a0Nicht in Anspruch genommene Leistung<\/strong><\/p>\n<p>Nimmt der Kunde einzelne Dienstleistungen, die ihm ordnungsgem\u00e4\u00df angeboten wurden, nicht in Anspruch aus Gr\u00fcnden, die ihm zuzurechnen sind (z. B. wegen vorzeitiger R\u00fcckreise oder aus sonstigen zwingenden Gr\u00fcnden), hat er keinen Anspruch auf anteilige Erstattung des Dienstleistungspreises.<\/p>\n<p>Diese Verpflichtung entf\u00e4llt, wenn es sich um v\u00f6llig unerhebliche Leistungen handelt oder wenn einer Erstattung gesetzliche oder beh\u00f6rdliche Bestimmungen entgegenstehen.<\/p>\n<p><strong>10 K\u00fcndigung aus verhaltensbedingten Gr\u00fcnden<\/strong><\/p>\n<p>HELP Reisebegleitung kann den Dienstleistungsvertrag auch vor Assistenzbeginn ohne Einhaltung einer Frist k\u00fcndigen, wenn der Kunde ungeachtet einer Abmahnung von HELP Reisebegleitung nachhaltig st\u00f6rt oder wenn er sich in solchem Ma\u00df vertragswidrig verh\u00e4lt, dass die sofortige Aufhebung des Dienstleistungsvertrages gerechtfertigt ist.<\/p>\n<p>Eine R\u00fcckzahlung des geleisteten Reisebegleitungsentgeltes ist unter den Voraussetzungen einer verhaltensbedingten Vertragsk\u00fcndigung nicht mehr m\u00f6glich.<\/p>\n<p><strong>11 Sonderk\u00fcndigungsrecht<\/strong><\/p>\n<p>Sollte der Dienstleistungsempf\u00e4nger unerwartet die Reiseassistenz abbrechen m\u00fcssen, ist eine R\u00fcckzahlung des Dienstleistungsentgeltes nicht m\u00f6glich.<\/p>\n<p><strong>12 Beschr\u00e4nkung der Haftung<\/strong><\/p>\n<p>Ausfall der Reisebegleitung: Sollte die Reisebegleitung von HELP Reisebegleitung aus akuten Gr\u00fcnden ausfallen, so wird HELP Reisebegleitung versuchen, eine Ersatzbegleitung zu organisieren. Allerdings ohne Haftung und Rechtsanspruch.<\/p>\n<p><strong>13 Ausschluss von Anspr\u00fcchen und Verj\u00e4hrung<\/strong><\/p>\n<p>Anspr\u00fcche wegen nicht vertragsgem\u00e4\u00dfer Erbringung der Reiseassistenz hat der Kunde innerhalb eines Monats nach dem vertraglich vorgesehenen Zeitpunkt der Beendigung der Reiseassistenz geltend zu machen.<\/p>\n<p>Die Geltendmachung kann fristwahrend nur gegen\u00fcber HELP Reisebegleitung unter der nachstehend angegebenen Anschrift erfolgen. Nach Ablauf der Frist kann der Kunde Anspr\u00fcche nur geltend machen, wenn er ohne Verschulden an der Einhaltung der Frist verhindert worden ist.<\/p>\n<p><strong>14 Rechtswahl und Gerichtsstand<\/strong><\/p>\n<p>Auf das Vertragsverh\u00e4ltnis zwischen dem Kunden und HELP Reisebegleitung findet ausschlie\u00dflich europ\u00e4isches Recht Anwendung. Dies gilt auch f\u00fcr das gesamte Rechtsverh\u00e4ltnis.<\/p>\n<p>Soweit bei Klagen des Kunden gegen HELP Reisebegleitung im Ausland f\u00fcr die Haftung von HELP Reisebegleitung dem Grunde nach nicht europ\u00e4isches Recht angewendet wird, findet bez\u00fcglich der Rechtsfolgen, insbesondere hinsichtlich Art, Umfang und H\u00f6he von Anspr\u00fcchen des Kunden ausschlie\u00dflich europ\u00e4isches Recht Anwendung.<\/p>\n<p>Der Kunde kann HELP Reisebegleitung nur am Firmensitz verklagen. Der Gerichtsstandort ist Merzig\/Saarland.<\/p>\n<\/div><div class=\"fusion-clearfix\"><\/div><\/div><\/div><\/div><\/div>\n","protected":false},"excerpt":{"rendered":"","protected":false},"author":1,"featured_media":0,"parent":0,"menu_order":0,"comment_status":"closed","ping_status":"closed","template":"","meta":{"footnotes":""},"class_list":["post-524","page","type-page","status-publish","hentry"],"yoast_head":"<!-- This site is optimized with the Yoast SEO plugin v26.9 - https:\/\/yoast.com\/product\/yoast-seo-wordpress\/ -->\n<title>HELP accompagnement de voyages: Pour des gens avec besoin en accompagnement et\/ ou en soin<\/title>\n<meta name=\"description\" content=\"Nous de HELP accompagnement de voyages vous soutenons dans votre voyage, pour que vous restiez mobile malgr\u00e9 votre besoin en accompagnement et\/ ou en soin et pour que vous puissiez r\u00e9aliser vos r\u00eaves de voyage.\" \/>\n<meta name=\"robots\" content=\"index, follow, max-snippet:-1, max-image-preview:large, max-video-preview:-1\" \/>\n<link rel=\"canonical\" href=\"https:\/\/help-reisebegleitung.de\/fr\/cg\/\" \/>\n<meta property=\"og:locale\" content=\"fr_FR\" \/>\n<meta property=\"og:type\" content=\"article\" \/>\n<meta property=\"og:title\" content=\"HELP accompagnement de voyages: Pour des gens avec besoin en accompagnement et\/ ou en soin\" \/>\n<meta property=\"og:description\" content=\"Nous de HELP accompagnement de voyages vous soutenons dans votre voyage, pour que vous restiez mobile malgr\u00e9 votre besoin en accompagnement et\/ ou en soin et pour que vous puissiez r\u00e9aliser vos r\u00eaves de voyage.\" \/>\n<meta property=\"og:url\" content=\"https:\/\/help-reisebegleitung.de\/fr\/cg\/\" \/>\n<meta property=\"og:site_name\" content=\"HELP Reisebegleitung\" \/>\n<meta property=\"article:modified_time\" content=\"2025-06-02T05:46:37+00:00\" \/>\n<meta name=\"twitter:card\" content=\"summary_large_image\" \/>\n<meta name=\"twitter:label1\" content=\"Dur\u00e9e de lecture estim\u00e9e\" \/>\n\t<meta name=\"twitter:data1\" content=\"4 minutes\" \/>\n<script type=\"application\/ld+json\" class=\"yoast-schema-graph\">{\"@context\":\"https:\/\/schema.org\",\"@graph\":[{\"@type\":\"WebPage\",\"@id\":\"https:\/\/help-reisebegleitung.de\/fr\/cg\/\",\"url\":\"https:\/\/help-reisebegleitung.de\/fr\/cg\/\",\"name\":\"HELP accompagnement de voyages: Pour des gens avec besoin en accompagnement et\/ ou en soin\",\"isPartOf\":{\"@id\":\"https:\/\/help-reisebegleitung.de\/#website\"},\"datePublished\":\"2017-07-18T07:13:44+00:00\",\"dateModified\":\"2025-06-02T05:46:37+00:00\",\"description\":\"Nous de HELP accompagnement de voyages vous soutenons dans votre voyage, pour que vous restiez mobile malgr\u00e9 votre besoin en accompagnement et\/ ou en soin et pour que vous puissiez r\u00e9aliser vos r\u00eaves de voyage.\",\"breadcrumb\":{\"@id\":\"https:\/\/help-reisebegleitung.de\/fr\/cg\/#breadcrumb\"},\"inLanguage\":\"fr-FR\",\"potentialAction\":[{\"@type\":\"ReadAction\",\"target\":[\"https:\/\/help-reisebegleitung.de\/fr\/cg\/\"]}]},{\"@type\":\"BreadcrumbList\",\"@id\":\"https:\/\/help-reisebegleitung.de\/fr\/cg\/#breadcrumb\",\"itemListElement\":[{\"@type\":\"ListItem\",\"position\":1,\"name\":\"Startseite\",\"item\":\"https:\/\/help-reisebegleitung.de\/fr\/\"},{\"@type\":\"ListItem\",\"position\":2,\"name\":\"CG\"}]},{\"@type\":\"WebSite\",\"@id\":\"https:\/\/help-reisebegleitung.de\/#website\",\"url\":\"https:\/\/help-reisebegleitung.de\/\",\"name\":\"HELP Reisebegleitung\",\"description\":\"Reisebegleitung f\u00fcr Menschen mit Betreuungs- oder Pflegebedarf\",\"potentialAction\":[{\"@type\":\"SearchAction\",\"target\":{\"@type\":\"EntryPoint\",\"urlTemplate\":\"https:\/\/help-reisebegleitung.de\/?s={search_term_string}\"},\"query-input\":{\"@type\":\"PropertyValueSpecification\",\"valueRequired\":true,\"valueName\":\"search_term_string\"}}],\"inLanguage\":\"fr-FR\"}]}<\/script>\n<!-- \/ Yoast SEO plugin. -->","yoast_head_json":{"title":"HELP accompagnement de voyages: Pour des gens avec besoin en accompagnement et\/ ou en soin","description":"Nous de HELP accompagnement de voyages vous soutenons dans votre voyage, pour que vous restiez mobile malgr\u00e9 votre besoin en accompagnement et\/ ou en soin et pour que vous puissiez r\u00e9aliser vos r\u00eaves de voyage.","robots":{"index":"index","follow":"follow","max-snippet":"max-snippet:-1","max-image-preview":"max-image-preview:large","max-video-preview":"max-video-preview:-1"},"canonical":"https:\/\/help-reisebegleitung.de\/fr\/cg\/","og_locale":"fr_FR","og_type":"article","og_title":"HELP accompagnement de voyages: Pour des gens avec besoin en accompagnement et\/ ou en soin","og_description":"Nous de HELP accompagnement de voyages vous soutenons dans votre voyage, pour que vous restiez mobile malgr\u00e9 votre besoin en accompagnement et\/ ou en soin et pour que vous puissiez r\u00e9aliser vos r\u00eaves de voyage.","og_url":"https:\/\/help-reisebegleitung.de\/fr\/cg\/","og_site_name":"HELP Reisebegleitung","article_modified_time":"2025-06-02T05:46:37+00:00","twitter_card":"summary_large_image","twitter_misc":{"Dur\u00e9e de lecture estim\u00e9e":"4 minutes"},"schema":{"@context":"https:\/\/schema.org","@graph":[{"@type":"WebPage","@id":"https:\/\/help-reisebegleitung.de\/fr\/cg\/","url":"https:\/\/help-reisebegleitung.de\/fr\/cg\/","name":"HELP accompagnement de voyages: Pour des gens avec besoin en accompagnement et\/ ou en soin","isPartOf":{"@id":"https:\/\/help-reisebegleitung.de\/#website"},"datePublished":"2017-07-18T07:13:44+00:00","dateModified":"2025-06-02T05:46:37+00:00","description":"Nous de HELP accompagnement de voyages vous soutenons dans votre voyage, pour que vous restiez mobile malgr\u00e9 votre besoin en accompagnement et\/ ou en soin et pour que vous puissiez r\u00e9aliser vos r\u00eaves de voyage.","breadcrumb":{"@id":"https:\/\/help-reisebegleitung.de\/fr\/cg\/#breadcrumb"},"inLanguage":"fr-FR","potentialAction":[{"@type":"ReadAction","target":["https:\/\/help-reisebegleitung.de\/fr\/cg\/"]}]},{"@type":"BreadcrumbList","@id":"https:\/\/help-reisebegleitung.de\/fr\/cg\/#breadcrumb","itemListElement":[{"@type":"ListItem","position":1,"name":"Startseite","item":"https:\/\/help-reisebegleitung.de\/fr\/"},{"@type":"ListItem","position":2,"name":"CG"}]},{"@type":"WebSite","@id":"https:\/\/help-reisebegleitung.de\/#website","url":"https:\/\/help-reisebegleitung.de\/","name":"HELP Reisebegleitung","description":"Reisebegleitung f\u00fcr Menschen mit Betreuungs- oder Pflegebedarf","potentialAction":[{"@type":"SearchAction","target":{"@type":"EntryPoint","urlTemplate":"https:\/\/help-reisebegleitung.de\/?s={search_term_string}"},"query-input":{"@type":"PropertyValueSpecification","valueRequired":true,"valueName":"search_term_string"}}],"inLanguage":"fr-FR"}]}},"_links":{"self":[{"href":"https:\/\/help-reisebegleitung.de\/fr\/wp-json\/wp\/v2\/pages\/524","targetHints":{"allow":["GET"]}}],"collection":[{"href":"https:\/\/help-reisebegleitung.de\/fr\/wp-json\/wp\/v2\/pages"}],"about":[{"href":"https:\/\/help-reisebegleitung.de\/fr\/wp-json\/wp\/v2\/types\/page"}],"author":[{"embeddable":true,"href":"https:\/\/help-reisebegleitung.de\/fr\/wp-json\/wp\/v2\/users\/1"}],"replies":[{"embeddable":true,"href":"https:\/\/help-reisebegleitung.de\/fr\/wp-json\/wp\/v2\/comments?post=524"}],"version-history":[{"count":6,"href":"https:\/\/help-reisebegleitung.de\/fr\/wp-json\/wp\/v2\/pages\/524\/revisions"}],"predecessor-version":[{"id":1009,"href":"https:\/\/help-reisebegleitung.de\/fr\/wp-json\/wp\/v2\/pages\/524\/revisions\/1009"}],"wp:attachment":[{"href":"https:\/\/help-reisebegleitung.de\/fr\/wp-json\/wp\/v2\/media?parent=524"}],"curies":[{"name":"wp","href":"https:\/\/api.w.org\/{rel}","templated":true}]}}