{"id":529,"date":"2017-07-18T09:22:10","date_gmt":"2017-07-18T07:22:10","guid":{"rendered":"https:\/\/help-reisebegleitung.de\/prix\/"},"modified":"2025-10-27T13:14:43","modified_gmt":"2025-10-27T12:14:43","slug":"prix","status":"publish","type":"page","link":"https:\/\/help-reisebegleitung.de\/fr\/prix\/","title":{"rendered":"Prix"},"content":{"rendered":"<p><div class=\"fusion-fullwidth fullwidth-box fusion-builder-row-1 nonhundred-percent-fullwidth non-hundred-percent-height-scrolling\" style=\"--awb-border-radius-top-left:0px;--awb-border-radius-top-right:0px;--awb-border-radius-bottom-right:0px;--awb-border-radius-bottom-left:0px;--awb-flex-wrap:wrap;\" ><div class=\"fusion-builder-row fusion-row\"><div class=\"fusion-layout-column fusion_builder_column fusion-builder-column-0 fusion_builder_column_1_1 1_1 fusion-one-full fusion-column-first fusion-column-last\" style=\"--awb-bg-size:cover;\"><div class=\"fusion-column-wrapper fusion-flex-column-wrapper-legacy\"><div class=\"fusion-text fusion-text-1\"><h1>Nos prix<\/h1>\n<p><strong><img decoding=\"async\" class=\"alignright size-fusion-400 wp-image-1090\" src=\"https:\/\/help-reisebegleitung.de\/wp-content\/uploads\/2025\/10\/Kosten-Reisebegleitung-400x347.png\" alt=\"\" width=\"400\" height=\"347\" srcset=\"https:\/\/help-reisebegleitung.de\/wp-content\/uploads\/2025\/10\/Kosten-Reisebegleitung-200x174.png 200w, https:\/\/help-reisebegleitung.de\/wp-content\/uploads\/2025\/10\/Kosten-Reisebegleitung-300x260.png 300w, https:\/\/help-reisebegleitung.de\/wp-content\/uploads\/2025\/10\/Kosten-Reisebegleitung-400x347.png 400w, https:\/\/help-reisebegleitung.de\/wp-content\/uploads\/2025\/10\/Kosten-Reisebegleitung-600x521.png 600w, https:\/\/help-reisebegleitung.de\/wp-content\/uploads\/2025\/10\/Kosten-Reisebegleitung-768x666.png 768w, https:\/\/help-reisebegleitung.de\/wp-content\/uploads\/2025\/10\/Kosten-Reisebegleitung.png 801w\" sizes=\"(max-width: 400px) 100vw, 400px\" \/>Chaque voyage est diff\u00e9rent et chaque client\/e diff\u00e8re par son intensit\u00e9 de soin et d\u2019encadrement professionnel, de sorte qu\u2019un prix forfaitaire fixe n\u2018 existe pas.<\/strong><\/p>\n<p>Par cons\u00e9quent il n\u2019est pas possible de lister des prix concrets.<\/p>\n<p>Nos prix s\u2019alignent sur le temps investi et sur les demandes de nos clients pendant leur processus de voyage.<\/p>\n<p>En cas des requ\u00eates d\u2019un contrat de service, nous d\u00e9terminons le prix final de notre service.<\/p>\n<p><strong>Remarque:<\/strong> Pour des r\u00e9servations de voyage des clients allemands \u00e0 partir du degr\u00e9 de soins II, il se peut qu\u2019on re\u00e7oive \u00e9ventuellement des versements en esp\u00e8ces de la caisse d\u2019 assurance soins. Nous vous informerons volontiers sur les possibilit\u00e9s.<\/p>\n<p>N\u2019h\u00e9sitez pas \u00e0 nous contacter par t\u00e9l\u00e9phone (0160 7422646), par E-Mail (<a href=\"mailto:kontakt@help-reisebegleitung.de\">kontakt@help-reisebegleitung.de<\/a>) ou par le <a href=\"https:\/\/help-reisebegleitung.de\/fr\/contact\/\">formulaire de contact<\/a>.<\/p>\n<\/div><div class=\"fusion-clearfix\"><\/div><\/div><\/div><\/div><\/div><div class=\"fusion-fullwidth fullwidth-box fusion-builder-row-2 fusion-flex-container has-pattern-background has-mask-background fusion-parallax-fixed nonhundred-percent-fullwidth non-hundred-percent-height-scrolling\" style=\"--awb-background-blend-mode:lighten;--awb-border-radius-top-left:0px;--awb-border-radius-top-right:0px;--awb-border-radius-bottom-right:0px;--awb-border-radius-bottom-left:0px;--awb-padding-bottom:90px;--awb-background-color:rgba(255,255,255,0.45);--awb-background-image:url(&quot;https:\/\/help-reisebegleitung.de\/wp-content\/uploads\/2025\/10\/Strandfoto.png&quot;);--awb-background-size:cover;--awb-flex-wrap:wrap;background-attachment:fixed;\" ><div class=\"fusion-builder-row fusion-row fusion-flex-align-items-flex-start fusion-flex-content-wrap\" style=\"max-width:1248px;margin-left: calc(-4% \/ 2 );margin-right: calc(-4% \/ 2 );\"><div class=\"fusion-layout-column fusion_builder_column fusion-builder-column-1 fusion_builder_column_1_1 1_1 fusion-flex-column\" style=\"--awb-bg-size:cover;--awb-width-large:100%;--awb-margin-top-large:0px;--awb-spacing-right-large:1.92%;--awb-margin-bottom-large:20px;--awb-spacing-left-large:1.92%;--awb-width-medium:100%;--awb-spacing-right-medium:1.92%;--awb-spacing-left-medium:1.92%;--awb-width-small:100%;--awb-spacing-right-small:1.92%;--awb-spacing-left-small:1.92%;\"><div class=\"fusion-column-wrapper fusion-flex-justify-content-flex-start fusion-content-layout-column\"><div class=\"fusion-section-separator section-separator slant fusion-section-separator-1\" style=\"--awb-spacer-height:99px;--awb-svg-margin-left:1.92%;--awb-svg-margin-right:1.92%;--awb-svg-margin-left-medium:1.92%;--awb-svg-margin-right-medium:1.92%;--awb-svg-margin-left-small:1.92%;--awb-svg-margin-right-small:1.92%;--awb-divider-height:99px;--awb-spacer-padding-top:inherit;--awb-sep-padding:0;--awb-svg-padding:0;\"><div class=\"fusion-section-separator-svg\"><svg class=\"fusion-slant-candy\" xmlns=\"http:\/\/www.w3.org\/2000\/svg\" version=\"1.1\" width=\"100%\" height=\"100\" viewBox=\"0 0 100 100\" preserveAspectRatio=\"none\" fill=\"rgba(249,251,211,1)\"><path d=\"M100 0 L100 100 L0 0 Z\"><\/path><\/svg><\/div><div class=\"fusion-section-separator-spacer\"><div class=\"fusion-section-separator-spacer-height\"><\/div><\/div><\/div><\/div><\/div><div class=\"fusion-layout-column fusion_builder_column fusion-builder-column-2 fusion_builder_column_1_1 1_1 fusion-flex-column\" style=\"--awb-padding-top:0px;--awb-padding-right:0px;--awb-padding-bottom:0px;--awb-padding-left:0px;--awb-bg-size:cover;--awb-border-color:#ffffff;--awb-border-top:0;--awb-border-right:0;--awb-border-bottom:0;--awb-border-left:0;--awb-border-style:solid;--awb-width-large:100%;--awb-margin-top-large:0px;--awb-spacing-right-large:1.92%;--awb-margin-bottom-large:20px;--awb-spacing-left-large:1.92%;--awb-width-medium:100%;--awb-spacing-right-medium:1.92%;--awb-spacing-left-medium:1.92%;--awb-width-small:100%;--awb-spacing-right-small:1.92%;--awb-spacing-left-small:1.92%;\"><div class=\"fusion-column-wrapper fusion-flex-justify-content-flex-start fusion-content-layout-column\"><div class=\"fusion-text fusion-text-2\"><h3>N\u2019h\u00e9sitez pas \u00e0 nous contacter.<\/h3>\n<\/div><\/div><\/div><div class=\"fusion-layout-column fusion_builder_column fusion-builder-column-3 fusion_builder_column_3_4 3_4 fusion-flex-column\" style=\"--awb-bg-size:cover;--awb-width-large:75%;--awb-margin-top-large:0px;--awb-spacing-right-large:2.56%;--awb-margin-bottom-large:20px;--awb-spacing-left-large:2.56%;--awb-width-medium:100%;--awb-spacing-right-medium:1.92%;--awb-spacing-left-medium:1.92%;--awb-width-small:100%;--awb-spacing-right-small:1.92%;--awb-spacing-left-small:1.92%;\"><div class=\"fusion-column-wrapper fusion-flex-justify-content-flex-start fusion-content-layout-column\"><div class=\"fusion-text fusion-text-3\"><p>\u00cates-vous int\u00e9ress\u00e9 \u00e0 notre offre, avez-vous des questions ou souhaitez-vous des informations compl\u00e9mentaires?<\/p>\n<\/div><\/div><\/div><div class=\"fusion-layout-column fusion_builder_column fusion-builder-column-4 fusion_builder_column_1_4 1_4 fusion-flex-column\" style=\"--awb-bg-size:cover;--awb-width-large:25%;--awb-margin-top-large:0px;--awb-spacing-right-large:7.68%;--awb-margin-bottom-large:20px;--awb-spacing-left-large:7.68%;--awb-width-medium:100%;--awb-spacing-right-medium:1.92%;--awb-spacing-left-medium:1.92%;--awb-width-small:100%;--awb-spacing-right-small:1.92%;--awb-spacing-left-small:1.92%;\"><div class=\"fusion-column-wrapper fusion-flex-justify-content-flex-start fusion-content-layout-column\"><div style=\"text-align:left;\"><a class=\"fusion-button button-flat button-medium button-default fusion-button-default button-1 fusion-button-default-span fusion-button-default-type fusion-animated\" data-animationType=\"fadeInLeft\" data-animationDuration=\"0.3\" data-animationOffset=\"top-into-view\" target=\"_self\" title=\"Contactez-nous.\" aria-label=\"Contactez-nous.\" href=\"https:\/\/help-reisebegleitung.de\/fr\/contact\/\"><i class=\" fa fa-phone awb-button__icon awb-button__icon--default button-icon-left\" aria-hidden=\"true\"><\/i><span class=\"fusion-button-text awb-button__text awb-button__text--default\">Contactez-nous.<\/span><\/a><\/div><\/div><\/div><\/div><\/div><\/p>\n","protected":false},"excerpt":{"rendered":"","protected":false},"author":1,"featured_media":0,"parent":0,"menu_order":0,"comment_status":"closed","ping_status":"closed","template":"100-width.php","meta":{"footnotes":""},"class_list":["post-529","page","type-page","status-publish","hentry"],"yoast_head":"<!-- This site is optimized with the Yoast SEO plugin v26.9 - https:\/\/yoast.com\/product\/yoast-seo-wordpress\/ -->\n<title>HELP accompagnement de voyages: Pour des gens avec besoin en accompagnement et\/ ou en soin<\/title>\n<meta name=\"description\" content=\"Chaque voyage est diff\u00e9rent et chaque client\/e diff\u00e8re par son intensit\u00e9 de soin et d\u2019encadrement professionnel, de sorte qu\u2019un prix forfaitaire fixe n\u2018 existe pas.\" \/>\n<meta name=\"robots\" content=\"index, follow, max-snippet:-1, max-image-preview:large, max-video-preview:-1\" \/>\n<link rel=\"canonical\" href=\"https:\/\/help-reisebegleitung.de\/fr\/prix\/\" \/>\n<meta property=\"og:locale\" content=\"fr_FR\" \/>\n<meta property=\"og:type\" content=\"article\" \/>\n<meta property=\"og:title\" content=\"HELP accompagnement de voyages: Pour des gens avec besoin en accompagnement et\/ ou en soin\" \/>\n<meta property=\"og:description\" content=\"Chaque voyage est diff\u00e9rent et chaque client\/e diff\u00e8re par son intensit\u00e9 de soin et d\u2019encadrement professionnel, de sorte qu\u2019un prix forfaitaire fixe n\u2018 existe pas.\" \/>\n<meta property=\"og:url\" content=\"https:\/\/help-reisebegleitung.de\/fr\/prix\/\" \/>\n<meta property=\"og:site_name\" content=\"HELP Reisebegleitung\" \/>\n<meta property=\"article:modified_time\" content=\"2025-10-27T12:14:43+00:00\" \/>\n<meta property=\"og:image\" content=\"https:\/\/help-reisebegleitung.de\/wp-content\/uploads\/2025\/10\/Kosten-Reisebegleitung.png\" \/>\n\t<meta property=\"og:image:width\" content=\"801\" \/>\n\t<meta property=\"og:image:height\" content=\"695\" \/>\n\t<meta property=\"og:image:type\" content=\"image\/png\" \/>\n<meta name=\"twitter:card\" content=\"summary_large_image\" \/>\n<meta name=\"twitter:label1\" content=\"Dur\u00e9e de lecture estim\u00e9e\" \/>\n\t<meta name=\"twitter:data1\" content=\"2 minutes\" \/>\n<script type=\"application\/ld+json\" class=\"yoast-schema-graph\">{\"@context\":\"https:\/\/schema.org\",\"@graph\":[{\"@type\":\"WebPage\",\"@id\":\"https:\/\/help-reisebegleitung.de\/fr\/prix\/\",\"url\":\"https:\/\/help-reisebegleitung.de\/fr\/prix\/\",\"name\":\"HELP accompagnement de voyages: Pour des gens avec besoin en accompagnement et\/ ou en soin\",\"isPartOf\":{\"@id\":\"https:\/\/help-reisebegleitung.de\/#website\"},\"primaryImageOfPage\":{\"@id\":\"https:\/\/help-reisebegleitung.de\/fr\/prix\/#primaryimage\"},\"image\":{\"@id\":\"https:\/\/help-reisebegleitung.de\/fr\/prix\/#primaryimage\"},\"thumbnailUrl\":\"https:\/\/help-reisebegleitung.de\/wp-content\/uploads\/2025\/10\/Kosten-Reisebegleitung-400x347.png\",\"datePublished\":\"2017-07-18T07:22:10+00:00\",\"dateModified\":\"2025-10-27T12:14:43+00:00\",\"description\":\"Chaque voyage est diff\u00e9rent et chaque client\/e diff\u00e8re par son intensit\u00e9 de soin et d\u2019encadrement professionnel, de sorte qu\u2019un prix forfaitaire fixe n\u2018 existe pas.\",\"breadcrumb\":{\"@id\":\"https:\/\/help-reisebegleitung.de\/fr\/prix\/#breadcrumb\"},\"inLanguage\":\"fr-FR\",\"potentialAction\":[{\"@type\":\"ReadAction\",\"target\":[\"https:\/\/help-reisebegleitung.de\/fr\/prix\/\"]}]},{\"@type\":\"ImageObject\",\"inLanguage\":\"fr-FR\",\"@id\":\"https:\/\/help-reisebegleitung.de\/fr\/prix\/#primaryimage\",\"url\":\"https:\/\/help-reisebegleitung.de\/wp-content\/uploads\/2025\/10\/Kosten-Reisebegleitung-400x347.png\",\"contentUrl\":\"https:\/\/help-reisebegleitung.de\/wp-content\/uploads\/2025\/10\/Kosten-Reisebegleitung-400x347.png\"},{\"@type\":\"BreadcrumbList\",\"@id\":\"https:\/\/help-reisebegleitung.de\/fr\/prix\/#breadcrumb\",\"itemListElement\":[{\"@type\":\"ListItem\",\"position\":1,\"name\":\"Startseite\",\"item\":\"https:\/\/help-reisebegleitung.de\/fr\/\"},{\"@type\":\"ListItem\",\"position\":2,\"name\":\"Prix\"}]},{\"@type\":\"WebSite\",\"@id\":\"https:\/\/help-reisebegleitung.de\/#website\",\"url\":\"https:\/\/help-reisebegleitung.de\/\",\"name\":\"HELP Reisebegleitung\",\"description\":\"Reisebegleitung f\u00fcr Menschen mit Betreuungs- oder Pflegebedarf\",\"potentialAction\":[{\"@type\":\"SearchAction\",\"target\":{\"@type\":\"EntryPoint\",\"urlTemplate\":\"https:\/\/help-reisebegleitung.de\/?s={search_term_string}\"},\"query-input\":{\"@type\":\"PropertyValueSpecification\",\"valueRequired\":true,\"valueName\":\"search_term_string\"}}],\"inLanguage\":\"fr-FR\"}]}<\/script>\n<!-- \/ Yoast SEO plugin. -->","yoast_head_json":{"title":"HELP accompagnement de voyages: Pour des gens avec besoin en accompagnement et\/ ou en soin","description":"Chaque voyage est diff\u00e9rent et chaque client\/e diff\u00e8re par son intensit\u00e9 de soin et d\u2019encadrement professionnel, de sorte qu\u2019un prix forfaitaire fixe n\u2018 existe pas.","robots":{"index":"index","follow":"follow","max-snippet":"max-snippet:-1","max-image-preview":"max-image-preview:large","max-video-preview":"max-video-preview:-1"},"canonical":"https:\/\/help-reisebegleitung.de\/fr\/prix\/","og_locale":"fr_FR","og_type":"article","og_title":"HELP accompagnement de voyages: Pour des gens avec besoin en accompagnement et\/ ou en soin","og_description":"Chaque voyage est diff\u00e9rent et chaque client\/e diff\u00e8re par son intensit\u00e9 de soin et d\u2019encadrement professionnel, de sorte qu\u2019un prix forfaitaire fixe n\u2018 existe pas.","og_url":"https:\/\/help-reisebegleitung.de\/fr\/prix\/","og_site_name":"HELP Reisebegleitung","article_modified_time":"2025-10-27T12:14:43+00:00","og_image":[{"width":801,"height":695,"url":"https:\/\/help-reisebegleitung.de\/wp-content\/uploads\/2025\/10\/Kosten-Reisebegleitung.png","type":"image\/png"}],"twitter_card":"summary_large_image","twitter_misc":{"Dur\u00e9e de lecture estim\u00e9e":"2 minutes"},"schema":{"@context":"https:\/\/schema.org","@graph":[{"@type":"WebPage","@id":"https:\/\/help-reisebegleitung.de\/fr\/prix\/","url":"https:\/\/help-reisebegleitung.de\/fr\/prix\/","name":"HELP accompagnement de voyages: Pour des gens avec besoin en accompagnement et\/ ou en soin","isPartOf":{"@id":"https:\/\/help-reisebegleitung.de\/#website"},"primaryImageOfPage":{"@id":"https:\/\/help-reisebegleitung.de\/fr\/prix\/#primaryimage"},"image":{"@id":"https:\/\/help-reisebegleitung.de\/fr\/prix\/#primaryimage"},"thumbnailUrl":"https:\/\/help-reisebegleitung.de\/wp-content\/uploads\/2025\/10\/Kosten-Reisebegleitung-400x347.png","datePublished":"2017-07-18T07:22:10+00:00","dateModified":"2025-10-27T12:14:43+00:00","description":"Chaque voyage est diff\u00e9rent et chaque client\/e diff\u00e8re par son intensit\u00e9 de soin et d\u2019encadrement professionnel, de sorte qu\u2019un prix forfaitaire fixe n\u2018 existe pas.","breadcrumb":{"@id":"https:\/\/help-reisebegleitung.de\/fr\/prix\/#breadcrumb"},"inLanguage":"fr-FR","potentialAction":[{"@type":"ReadAction","target":["https:\/\/help-reisebegleitung.de\/fr\/prix\/"]}]},{"@type":"ImageObject","inLanguage":"fr-FR","@id":"https:\/\/help-reisebegleitung.de\/fr\/prix\/#primaryimage","url":"https:\/\/help-reisebegleitung.de\/wp-content\/uploads\/2025\/10\/Kosten-Reisebegleitung-400x347.png","contentUrl":"https:\/\/help-reisebegleitung.de\/wp-content\/uploads\/2025\/10\/Kosten-Reisebegleitung-400x347.png"},{"@type":"BreadcrumbList","@id":"https:\/\/help-reisebegleitung.de\/fr\/prix\/#breadcrumb","itemListElement":[{"@type":"ListItem","position":1,"name":"Startseite","item":"https:\/\/help-reisebegleitung.de\/fr\/"},{"@type":"ListItem","position":2,"name":"Prix"}]},{"@type":"WebSite","@id":"https:\/\/help-reisebegleitung.de\/#website","url":"https:\/\/help-reisebegleitung.de\/","name":"HELP Reisebegleitung","description":"Reisebegleitung f\u00fcr Menschen mit Betreuungs- oder Pflegebedarf","potentialAction":[{"@type":"SearchAction","target":{"@type":"EntryPoint","urlTemplate":"https:\/\/help-reisebegleitung.de\/?s={search_term_string}"},"query-input":{"@type":"PropertyValueSpecification","valueRequired":true,"valueName":"search_term_string"}}],"inLanguage":"fr-FR"}]}},"_links":{"self":[{"href":"https:\/\/help-reisebegleitung.de\/fr\/wp-json\/wp\/v2\/pages\/529","targetHints":{"allow":["GET"]}}],"collection":[{"href":"https:\/\/help-reisebegleitung.de\/fr\/wp-json\/wp\/v2\/pages"}],"about":[{"href":"https:\/\/help-reisebegleitung.de\/fr\/wp-json\/wp\/v2\/types\/page"}],"author":[{"embeddable":true,"href":"https:\/\/help-reisebegleitung.de\/fr\/wp-json\/wp\/v2\/users\/1"}],"replies":[{"embeddable":true,"href":"https:\/\/help-reisebegleitung.de\/fr\/wp-json\/wp\/v2\/comments?post=529"}],"version-history":[{"count":15,"href":"https:\/\/help-reisebegleitung.de\/fr\/wp-json\/wp\/v2\/pages\/529\/revisions"}],"predecessor-version":[{"id":1122,"href":"https:\/\/help-reisebegleitung.de\/fr\/wp-json\/wp\/v2\/pages\/529\/revisions\/1122"}],"wp:attachment":[{"href":"https:\/\/help-reisebegleitung.de\/fr\/wp-json\/wp\/v2\/media?parent=529"}],"curies":[{"name":"wp","href":"https:\/\/api.w.org\/{rel}","templated":true}]}}