{"id":536,"date":"2017-07-18T09:58:30","date_gmt":"2017-07-18T07:58:30","guid":{"rendered":"https:\/\/help-reisebegleitung.de\/sur-help\/"},"modified":"2025-10-27T13:13:46","modified_gmt":"2025-10-27T12:13:46","slug":"sur-help","status":"publish","type":"page","link":"https:\/\/help-reisebegleitung.de\/fr\/sur-help\/","title":{"rendered":"Sur HELP"},"content":{"rendered":"<p><div class=\"fusion-fullwidth fullwidth-box fusion-builder-row-1 nonhundred-percent-fullwidth non-hundred-percent-height-scrolling\" style=\"--awb-border-radius-top-left:0px;--awb-border-radius-top-right:0px;--awb-border-radius-bottom-right:0px;--awb-border-radius-bottom-left:0px;--awb-flex-wrap:wrap;\" ><div class=\"fusion-builder-row fusion-row\"><div class=\"fusion-layout-column fusion_builder_column fusion-builder-column-0 fusion_builder_column_2_3 2_3 fusion-two-third fusion-column-first\" style=\"--awb-bg-size:cover;width:66.666666666667%;width:calc(66.666666666667% - ( ( 4% ) * 0.66666666666667 ) );margin-right: 4%;\"><div class=\"fusion-column-wrapper fusion-flex-column-wrapper-legacy\"><div class=\"fusion-text fusion-text-1\"><h1>Sur HELP<\/h1>\n<p><strong>Notre entreprise de services moderne est orient\u00e9e vers les besoins de notre temps.<\/strong><\/p>\n<p>Nous sommes une \u00e9quipe comp\u00e9tente qui se compose de collaborateurs qui sont sp\u00e9cialis\u00e9s dans les domaines de soin infirmier, de soin des personnes \u00e2g\u00e9es et d\u2019\u00e9ducation. Nous sommes volontiers \u00e0 votre disposition.<\/p>\n<\/div><div class=\"fusion-sep-clear\"><\/div><div class=\"fusion-separator fusion-full-width-sep\" style=\"margin-left: auto;margin-right: auto;margin-top:20px;margin-bottom:20px;width:100%;\"><div class=\"fusion-separator-border sep-single sep-solid\" style=\"--awb-height:20px;--awb-amount:20px;border-color:#e0dede;border-top-width:1px;\"><\/div><\/div><div class=\"fusion-sep-clear\"><\/div><div class=\"fusion-text fusion-text-2\"><h2>Nous sommes l\u00e0 pour vous:<\/h2>\n<\/div><ul style=\"--awb-size:20px;--awb-iconcolor:#093d6b;--awb-line-height:34px;--awb-icon-width:34px;--awb-icon-height:34px;--awb-icon-margin:14px;--awb-content-margin:48px;\" class=\"fusion-checklist fusion-checklist-1 fusion-checklist-default type-icons\"><li class=\"fusion-li-item\" style=\"\"><span class=\"icon-wrapper circle-no\"><i class=\"fusion-li-icon fa-suitcase fas\" aria-hidden=\"true\"><\/i><\/span><div class=\"fusion-li-item-content\">Nous accompagnons aussi des familles avec un parent d\u00e9pendant en voyage.<\/div><\/li><li class=\"fusion-li-item\" style=\"\"><span class=\"icon-wrapper circle-no\"><i class=\"fusion-li-icon fa-suitcase fas\" aria-hidden=\"true\"><\/i><\/span><div class=\"fusion-li-item-content\">Nous vous aidons \u00e0 surmonter les t\u00e2ches quotidiennes aussi en voyage.<\/div><\/li><li class=\"fusion-li-item\" style=\"\"><span class=\"icon-wrapper circle-no\"><i class=\"fusion-li-icon fa-suitcase fas\" aria-hidden=\"true\"><\/i><\/span><div class=\"fusion-li-item-content\">Nous aidons des personnes d\u00e9pendantes de tous \u00e2ges \u00e0 organiser votre voyage sans souci.<\/div><\/li><li class=\"fusion-li-item\" style=\"\"><span class=\"icon-wrapper circle-no\"><i class=\"fusion-li-icon fa-suitcase fas\" aria-hidden=\"true\"><\/i><\/span><div class=\"fusion-li-item-content\">En cas de questions quant \u00e0 votre soin et concernant l\u2019organisation du cong\u00e9, nous sommes volontiers \u00e0 votre disposition.<\/div><\/li><li class=\"fusion-li-item\" style=\"\"><span class=\"icon-wrapper circle-no\"><i class=\"fusion-li-icon fa-suitcase fas\" aria-hidden=\"true\"><\/i><\/span><div class=\"fusion-li-item-content\">\n<p>Remarque: Pour des r\u00e9servations de voyage des clients allemands \u00e0 partir du degr\u00e9 de soins II, il se peut qu\u2019on re\u00e7oive \u00e9ventuellement des versements en esp\u00e8ces de la caisse d\u2019 assurance soins. Nous vous informerons volontiers sur les possibilit\u00e9s. N\u2019h\u00e9sitez pas \u00e0 nous contacter par t\u00e9l\u00e9phone (0160 7422646), par E-Mail (<a href=\"mailto:kontakt@help-reisebegleitung.de\">kontakt@help-reisebegleitung.de<\/a>)\u00a0ou par le <a href=\"https:\/\/help-reisebegleitung.de\/fr\/contact\/\">formulaire de contact<\/a>.<\/p>\n<\/div><\/li><\/ul><div class=\"fusion-sep-clear\"><\/div><div class=\"fusion-separator fusion-full-width-sep\" style=\"margin-left: auto;margin-right: auto;margin-top:20px;margin-bottom:20px;width:100%;\"><div class=\"fusion-separator-border sep-single sep-solid\" style=\"--awb-height:20px;--awb-amount:20px;border-color:#e0dede;border-top-width:1px;\"><\/div><\/div><div class=\"fusion-sep-clear\"><\/div><div class=\"fusion-clearfix\"><\/div><\/div><\/div><div class=\"fusion-layout-column fusion_builder_column fusion-builder-column-1 fusion_builder_column_1_3 1_3 fusion-one-third fusion-column-last\" style=\"--awb-bg-size:cover;width:33.333333333333%;width:calc(33.333333333333% - ( ( 4% ) * 0.33333333333333 ) );\"><div class=\"fusion-column-wrapper fusion-flex-column-wrapper-legacy\"><div class=\"fusion-sep-clear\"><\/div><div class=\"fusion-separator fusion-full-width-sep\" style=\"margin-left: auto;margin-right: auto;margin-top:30px;margin-bottom:30px;width:100%;\"><\/div><div class=\"fusion-sep-clear\"><\/div><div class=\"fusion-image-element in-legacy-container\" style=\"--awb-caption-title-font-family:var(--h2_typography-font-family);--awb-caption-title-font-weight:var(--h2_typography-font-weight);--awb-caption-title-font-style:var(--h2_typography-font-style);--awb-caption-title-size:var(--h2_typography-font-size);--awb-caption-title-transform:var(--h2_typography-text-transform);--awb-caption-title-line-height:var(--h2_typography-line-height);--awb-caption-title-letter-spacing:var(--h2_typography-letter-spacing);\"><span class=\" fusion-imageframe imageframe-none imageframe-1 hover-type-none\"><img decoding=\"async\" width=\"200\" height=\"269\" title=\"Barbara Hoffmann-Schmidt\" src=\"https:\/\/help-reisebegleitung.de\/wp-content\/uploads\/2017\/03\/hoffmann-schmidt-1.png\" alt class=\"img-responsive wp-image-700\"\/><\/span><\/div><div class=\"fusion-text fusion-text-3\"><p><span style=\"font-size: 10pt;\"><em>Barbara Hoffmann-Schmidt<\/em><\/span><\/p>\n<\/div><div class=\"fusion-clearfix\"><\/div><\/div><\/div><\/div><\/div><div class=\"fusion-fullwidth fullwidth-box fusion-builder-row-2 nonhundred-percent-fullwidth non-hundred-percent-height-scrolling\" style=\"--awb-border-radius-top-left:0px;--awb-border-radius-top-right:0px;--awb-border-radius-bottom-right:0px;--awb-border-radius-bottom-left:0px;--awb-flex-wrap:wrap;\" ><div class=\"fusion-builder-row fusion-row\"><div class=\"fusion-layout-column fusion_builder_column fusion-builder-column-2 fusion_builder_column_2_3 2_3 fusion-two-third fusion-column-first\" style=\"--awb-bg-size:cover;width:66.666666666667%;width:calc(66.666666666667% - ( ( 4% ) * 0.66666666666667 ) );margin-right: 4%;\"><div class=\"fusion-column-wrapper fusion-flex-column-wrapper-legacy\"><div class=\"fusion-text fusion-text-4\"><h2>Nous sommes un champion fondateur!<\/h2>\n<\/div><div class=\"fusion-text fusion-text-5\"><p>Nous sommes fiers que nous pouvons nous appeler <strong>champion fondateur 2002<\/strong>. Cet honneur n\u2019est pas seulement un titre, mais aussi une obligation!<\/p>\n<p>Testez notre service! Nous ne vous d\u00e9cevrons pas!<\/p>\n<\/div><div class=\"fusion-clearfix\"><\/div><\/div><\/div><div class=\"fusion-layout-column fusion_builder_column fusion-builder-column-3 fusion_builder_column_1_3 1_3 fusion-one-third fusion-column-last\" style=\"--awb-bg-size:cover;width:33.333333333333%;width:calc(33.333333333333% - ( ( 4% ) * 0.33333333333333 ) );\"><div class=\"fusion-column-wrapper fusion-flex-column-wrapper-legacy\"><div class=\"fusion-image-element in-legacy-container\" style=\"--awb-caption-title-font-family:var(--h2_typography-font-family);--awb-caption-title-font-weight:var(--h2_typography-font-weight);--awb-caption-title-font-style:var(--h2_typography-font-style);--awb-caption-title-size:var(--h2_typography-font-size);--awb-caption-title-transform:var(--h2_typography-text-transform);--awb-caption-title-line-height:var(--h2_typography-line-height);--awb-caption-title-letter-spacing:var(--h2_typography-letter-spacing);\"><span class=\" fusion-imageframe imageframe-none imageframe-2 hover-type-none\"><img decoding=\"async\" width=\"231\" height=\"102\" title=\"Gr\u00fcnderchampion\" src=\"https:\/\/help-reisebegleitung.de\/wp-content\/uploads\/2017\/03\/logo_Gruenderchampion-1.png\" alt class=\"img-responsive wp-image-702\" srcset=\"https:\/\/help-reisebegleitung.de\/wp-content\/uploads\/2017\/03\/logo_Gruenderchampion-1-200x88.png 200w, https:\/\/help-reisebegleitung.de\/wp-content\/uploads\/2017\/03\/logo_Gruenderchampion-1.png 231w\" sizes=\"(max-width: 800px) 100vw, 231px\" \/><\/span><\/div><div class=\"fusion-clearfix\"><\/div><\/div><\/div><\/div><\/div><div class=\"fusion-fullwidth fullwidth-box fusion-builder-row-3 fusion-flex-container has-pattern-background has-mask-background fusion-parallax-fixed nonhundred-percent-fullwidth non-hundred-percent-height-scrolling\" style=\"--awb-background-blend-mode:lighten;--awb-border-radius-top-left:0px;--awb-border-radius-top-right:0px;--awb-border-radius-bottom-right:0px;--awb-border-radius-bottom-left:0px;--awb-padding-bottom:90px;--awb-background-color:rgba(255,255,255,0.45);--awb-background-image:url(&quot;https:\/\/help-reisebegleitung.de\/wp-content\/uploads\/2025\/10\/Strandfoto.png&quot;);--awb-background-size:cover;--awb-flex-wrap:wrap;background-attachment:fixed;\" ><div class=\"fusion-builder-row fusion-row fusion-flex-align-items-flex-start fusion-flex-content-wrap\" style=\"max-width:1248px;margin-left: calc(-4% \/ 2 );margin-right: calc(-4% \/ 2 );\"><div class=\"fusion-layout-column fusion_builder_column fusion-builder-column-4 fusion_builder_column_1_1 1_1 fusion-flex-column\" style=\"--awb-bg-size:cover;--awb-width-large:100%;--awb-margin-top-large:0px;--awb-spacing-right-large:1.92%;--awb-margin-bottom-large:20px;--awb-spacing-left-large:1.92%;--awb-width-medium:100%;--awb-spacing-right-medium:1.92%;--awb-spacing-left-medium:1.92%;--awb-width-small:100%;--awb-spacing-right-small:1.92%;--awb-spacing-left-small:1.92%;\"><div class=\"fusion-column-wrapper fusion-flex-justify-content-flex-start fusion-content-layout-column\"><div class=\"fusion-section-separator section-separator slant fusion-section-separator-1\" style=\"--awb-spacer-height:99px;--awb-svg-margin-left:1.92%;--awb-svg-margin-right:1.92%;--awb-svg-margin-left-medium:1.92%;--awb-svg-margin-right-medium:1.92%;--awb-svg-margin-left-small:1.92%;--awb-svg-margin-right-small:1.92%;--awb-divider-height:99px;--awb-spacer-padding-top:inherit;--awb-sep-padding:0;--awb-svg-padding:0;\"><div class=\"fusion-section-separator-svg\"><svg class=\"fusion-slant-candy\" xmlns=\"http:\/\/www.w3.org\/2000\/svg\" version=\"1.1\" width=\"100%\" height=\"100\" viewBox=\"0 0 100 100\" preserveAspectRatio=\"none\" fill=\"rgba(249,251,211,1)\"><path d=\"M100 0 L100 100 L0 0 Z\"><\/path><\/svg><\/div><div class=\"fusion-section-separator-spacer\"><div class=\"fusion-section-separator-spacer-height\"><\/div><\/div><\/div><\/div><\/div><div class=\"fusion-layout-column fusion_builder_column fusion-builder-column-5 fusion_builder_column_1_1 1_1 fusion-flex-column\" style=\"--awb-padding-top:0px;--awb-padding-right:0px;--awb-padding-bottom:0px;--awb-padding-left:0px;--awb-bg-size:cover;--awb-border-color:#ffffff;--awb-border-top:0;--awb-border-right:0;--awb-border-bottom:0;--awb-border-left:0;--awb-border-style:solid;--awb-width-large:100%;--awb-margin-top-large:0px;--awb-spacing-right-large:1.92%;--awb-margin-bottom-large:20px;--awb-spacing-left-large:1.92%;--awb-width-medium:100%;--awb-spacing-right-medium:1.92%;--awb-spacing-left-medium:1.92%;--awb-width-small:100%;--awb-spacing-right-small:1.92%;--awb-spacing-left-small:1.92%;\"><div class=\"fusion-column-wrapper fusion-flex-justify-content-flex-start fusion-content-layout-column\"><div class=\"fusion-text fusion-text-6\"><h3>N\u2019h\u00e9sitez pas \u00e0 nous contacter.<\/h3>\n<\/div><\/div><\/div><div class=\"fusion-layout-column fusion_builder_column fusion-builder-column-6 fusion_builder_column_3_4 3_4 fusion-flex-column\" style=\"--awb-bg-size:cover;--awb-width-large:75%;--awb-margin-top-large:0px;--awb-spacing-right-large:2.56%;--awb-margin-bottom-large:20px;--awb-spacing-left-large:2.56%;--awb-width-medium:100%;--awb-spacing-right-medium:1.92%;--awb-spacing-left-medium:1.92%;--awb-width-small:100%;--awb-spacing-right-small:1.92%;--awb-spacing-left-small:1.92%;\"><div class=\"fusion-column-wrapper fusion-flex-justify-content-flex-start fusion-content-layout-column\"><div class=\"fusion-text fusion-text-7\"><p>\u00cates-vous int\u00e9ress\u00e9 \u00e0 notre offre, avez-vous des questions ou souhaitez-vous des informations compl\u00e9mentaires?<\/p>\n<\/div><\/div><\/div><div class=\"fusion-layout-column fusion_builder_column fusion-builder-column-7 fusion_builder_column_1_4 1_4 fusion-flex-column\" style=\"--awb-bg-size:cover;--awb-width-large:25%;--awb-margin-top-large:0px;--awb-spacing-right-large:7.68%;--awb-margin-bottom-large:20px;--awb-spacing-left-large:7.68%;--awb-width-medium:100%;--awb-spacing-right-medium:1.92%;--awb-spacing-left-medium:1.92%;--awb-width-small:100%;--awb-spacing-right-small:1.92%;--awb-spacing-left-small:1.92%;\"><div class=\"fusion-column-wrapper fusion-flex-justify-content-flex-start fusion-content-layout-column\"><div style=\"text-align:left;\"><a class=\"fusion-button button-flat button-medium button-default fusion-button-default button-1 fusion-button-default-span fusion-button-default-type fusion-animated\" data-animationType=\"fadeInLeft\" data-animationDuration=\"0.3\" data-animationOffset=\"top-into-view\" target=\"_self\" title=\"Contactez-nous.\" aria-label=\"Contactez-nous.\" href=\"https:\/\/help-reisebegleitung.de\/fr\/contact\/\"><i class=\" fa fa-phone awb-button__icon awb-button__icon--default button-icon-left\" aria-hidden=\"true\"><\/i><span class=\"fusion-button-text awb-button__text awb-button__text--default\">Contactez-nous.<\/span><\/a><\/div><\/div><\/div><\/div><\/div><\/p>\n","protected":false},"excerpt":{"rendered":"","protected":false},"author":1,"featured_media":0,"parent":0,"menu_order":0,"comment_status":"closed","ping_status":"closed","template":"100-width.php","meta":{"footnotes":""},"class_list":["post-536","page","type-page","status-publish","hentry"],"yoast_head":"<!-- This site is optimized with the Yoast SEO plugin v26.9 - https:\/\/yoast.com\/product\/yoast-seo-wordpress\/ -->\n<title>HELP accompagnement de voyages: Pour des gens avec besoin en accompagnement et\/ ou en soin<\/title>\n<meta name=\"description\" content=\"Nous sommes une \u00e9quipe comp\u00e9tente qui se compose de collaborateurs qui sont sp\u00e9cialis\u00e9s dans les domaines de soin infirmier, de soin des personnes \u00e2g\u00e9es et d\u2019\u00e9ducation. Nous sommes volontiers \u00e0 votre disposition.\" \/>\n<meta name=\"robots\" content=\"index, follow, max-snippet:-1, max-image-preview:large, max-video-preview:-1\" \/>\n<link rel=\"canonical\" href=\"https:\/\/help-reisebegleitung.de\/fr\/sur-help\/\" \/>\n<meta property=\"og:locale\" content=\"fr_FR\" \/>\n<meta property=\"og:type\" content=\"article\" \/>\n<meta property=\"og:title\" content=\"HELP accompagnement de voyages: Pour des gens avec besoin en accompagnement et\/ ou en soin\" \/>\n<meta property=\"og:description\" content=\"Nous sommes une \u00e9quipe comp\u00e9tente qui se compose de collaborateurs qui sont sp\u00e9cialis\u00e9s dans les domaines de soin infirmier, de soin des personnes \u00e2g\u00e9es et d\u2019\u00e9ducation. Nous sommes volontiers \u00e0 votre disposition.\" \/>\n<meta property=\"og:url\" content=\"https:\/\/help-reisebegleitung.de\/fr\/sur-help\/\" \/>\n<meta property=\"og:site_name\" content=\"HELP Reisebegleitung\" \/>\n<meta property=\"article:modified_time\" content=\"2025-10-27T12:13:46+00:00\" \/>\n<meta name=\"twitter:card\" content=\"summary_large_image\" \/>\n<meta name=\"twitter:label1\" content=\"Dur\u00e9e de lecture estim\u00e9e\" \/>\n\t<meta name=\"twitter:data1\" content=\"2 minutes\" \/>\n<script type=\"application\/ld+json\" class=\"yoast-schema-graph\">{\"@context\":\"https:\/\/schema.org\",\"@graph\":[{\"@type\":\"WebPage\",\"@id\":\"https:\/\/help-reisebegleitung.de\/fr\/sur-help\/\",\"url\":\"https:\/\/help-reisebegleitung.de\/fr\/sur-help\/\",\"name\":\"HELP accompagnement de voyages: Pour des gens avec besoin en accompagnement et\/ ou en soin\",\"isPartOf\":{\"@id\":\"https:\/\/help-reisebegleitung.de\/#website\"},\"datePublished\":\"2017-07-18T07:58:30+00:00\",\"dateModified\":\"2025-10-27T12:13:46+00:00\",\"description\":\"Nous sommes une \u00e9quipe comp\u00e9tente qui se compose de collaborateurs qui sont sp\u00e9cialis\u00e9s dans les domaines de soin infirmier, de soin des personnes \u00e2g\u00e9es et d\u2019\u00e9ducation. Nous sommes volontiers \u00e0 votre disposition.\",\"breadcrumb\":{\"@id\":\"https:\/\/help-reisebegleitung.de\/fr\/sur-help\/#breadcrumb\"},\"inLanguage\":\"fr-FR\",\"potentialAction\":[{\"@type\":\"ReadAction\",\"target\":[\"https:\/\/help-reisebegleitung.de\/fr\/sur-help\/\"]}]},{\"@type\":\"BreadcrumbList\",\"@id\":\"https:\/\/help-reisebegleitung.de\/fr\/sur-help\/#breadcrumb\",\"itemListElement\":[{\"@type\":\"ListItem\",\"position\":1,\"name\":\"Startseite\",\"item\":\"https:\/\/help-reisebegleitung.de\/fr\/\"},{\"@type\":\"ListItem\",\"position\":2,\"name\":\"Sur HELP\"}]},{\"@type\":\"WebSite\",\"@id\":\"https:\/\/help-reisebegleitung.de\/#website\",\"url\":\"https:\/\/help-reisebegleitung.de\/\",\"name\":\"HELP Reisebegleitung\",\"description\":\"Reisebegleitung f\u00fcr Menschen mit Betreuungs- oder Pflegebedarf\",\"potentialAction\":[{\"@type\":\"SearchAction\",\"target\":{\"@type\":\"EntryPoint\",\"urlTemplate\":\"https:\/\/help-reisebegleitung.de\/?s={search_term_string}\"},\"query-input\":{\"@type\":\"PropertyValueSpecification\",\"valueRequired\":true,\"valueName\":\"search_term_string\"}}],\"inLanguage\":\"fr-FR\"}]}<\/script>\n<!-- \/ Yoast SEO plugin. -->","yoast_head_json":{"title":"HELP accompagnement de voyages: Pour des gens avec besoin en accompagnement et\/ ou en soin","description":"Nous sommes une \u00e9quipe comp\u00e9tente qui se compose de collaborateurs qui sont sp\u00e9cialis\u00e9s dans les domaines de soin infirmier, de soin des personnes \u00e2g\u00e9es et d\u2019\u00e9ducation. Nous sommes volontiers \u00e0 votre disposition.","robots":{"index":"index","follow":"follow","max-snippet":"max-snippet:-1","max-image-preview":"max-image-preview:large","max-video-preview":"max-video-preview:-1"},"canonical":"https:\/\/help-reisebegleitung.de\/fr\/sur-help\/","og_locale":"fr_FR","og_type":"article","og_title":"HELP accompagnement de voyages: Pour des gens avec besoin en accompagnement et\/ ou en soin","og_description":"Nous sommes une \u00e9quipe comp\u00e9tente qui se compose de collaborateurs qui sont sp\u00e9cialis\u00e9s dans les domaines de soin infirmier, de soin des personnes \u00e2g\u00e9es et d\u2019\u00e9ducation. Nous sommes volontiers \u00e0 votre disposition.","og_url":"https:\/\/help-reisebegleitung.de\/fr\/sur-help\/","og_site_name":"HELP Reisebegleitung","article_modified_time":"2025-10-27T12:13:46+00:00","twitter_card":"summary_large_image","twitter_misc":{"Dur\u00e9e de lecture estim\u00e9e":"2 minutes"},"schema":{"@context":"https:\/\/schema.org","@graph":[{"@type":"WebPage","@id":"https:\/\/help-reisebegleitung.de\/fr\/sur-help\/","url":"https:\/\/help-reisebegleitung.de\/fr\/sur-help\/","name":"HELP accompagnement de voyages: Pour des gens avec besoin en accompagnement et\/ ou en soin","isPartOf":{"@id":"https:\/\/help-reisebegleitung.de\/#website"},"datePublished":"2017-07-18T07:58:30+00:00","dateModified":"2025-10-27T12:13:46+00:00","description":"Nous sommes une \u00e9quipe comp\u00e9tente qui se compose de collaborateurs qui sont sp\u00e9cialis\u00e9s dans les domaines de soin infirmier, de soin des personnes \u00e2g\u00e9es et d\u2019\u00e9ducation. Nous sommes volontiers \u00e0 votre disposition.","breadcrumb":{"@id":"https:\/\/help-reisebegleitung.de\/fr\/sur-help\/#breadcrumb"},"inLanguage":"fr-FR","potentialAction":[{"@type":"ReadAction","target":["https:\/\/help-reisebegleitung.de\/fr\/sur-help\/"]}]},{"@type":"BreadcrumbList","@id":"https:\/\/help-reisebegleitung.de\/fr\/sur-help\/#breadcrumb","itemListElement":[{"@type":"ListItem","position":1,"name":"Startseite","item":"https:\/\/help-reisebegleitung.de\/fr\/"},{"@type":"ListItem","position":2,"name":"Sur HELP"}]},{"@type":"WebSite","@id":"https:\/\/help-reisebegleitung.de\/#website","url":"https:\/\/help-reisebegleitung.de\/","name":"HELP Reisebegleitung","description":"Reisebegleitung f\u00fcr Menschen mit Betreuungs- oder Pflegebedarf","potentialAction":[{"@type":"SearchAction","target":{"@type":"EntryPoint","urlTemplate":"https:\/\/help-reisebegleitung.de\/?s={search_term_string}"},"query-input":{"@type":"PropertyValueSpecification","valueRequired":true,"valueName":"search_term_string"}}],"inLanguage":"fr-FR"}]}},"_links":{"self":[{"href":"https:\/\/help-reisebegleitung.de\/fr\/wp-json\/wp\/v2\/pages\/536","targetHints":{"allow":["GET"]}}],"collection":[{"href":"https:\/\/help-reisebegleitung.de\/fr\/wp-json\/wp\/v2\/pages"}],"about":[{"href":"https:\/\/help-reisebegleitung.de\/fr\/wp-json\/wp\/v2\/types\/page"}],"author":[{"embeddable":true,"href":"https:\/\/help-reisebegleitung.de\/fr\/wp-json\/wp\/v2\/users\/1"}],"replies":[{"embeddable":true,"href":"https:\/\/help-reisebegleitung.de\/fr\/wp-json\/wp\/v2\/comments?post=536"}],"version-history":[{"count":21,"href":"https:\/\/help-reisebegleitung.de\/fr\/wp-json\/wp\/v2\/pages\/536\/revisions"}],"predecessor-version":[{"id":1120,"href":"https:\/\/help-reisebegleitung.de\/fr\/wp-json\/wp\/v2\/pages\/536\/revisions\/1120"}],"wp:attachment":[{"href":"https:\/\/help-reisebegleitung.de\/fr\/wp-json\/wp\/v2\/media?parent=536"}],"curies":[{"name":"wp","href":"https:\/\/api.w.org\/{rel}","templated":true}]}}