{"id":551,"date":"2017-07-18T10:06:58","date_gmt":"2017-07-18T08:06:58","guid":{"rendered":"https:\/\/help-reisebegleitung.de\/mentions-legales\/"},"modified":"2026-02-16T13:47:45","modified_gmt":"2026-02-16T12:47:45","slug":"mentions-legales","status":"publish","type":"page","link":"https:\/\/help-reisebegleitung.de\/fr\/mentions-legales\/","title":{"rendered":"Mentions l\u00e9gales"},"content":{"rendered":"<div class=\"fusion-fullwidth fullwidth-box fusion-builder-row-1 fusion-flex-container nonhundred-percent-fullwidth non-hundred-percent-height-scrolling\" style=\"--awb-border-radius-top-left:0px;--awb-border-radius-top-right:0px;--awb-border-radius-bottom-right:0px;--awb-border-radius-bottom-left:0px;--awb-flex-wrap:wrap;\" ><div class=\"fusion-builder-row fusion-row fusion-flex-align-items-flex-start fusion-flex-content-wrap\" style=\"max-width:1248px;margin-left: calc(-4% \/ 2 );margin-right: calc(-4% \/ 2 );\"><div class=\"fusion-layout-column fusion_builder_column fusion-builder-column-0 fusion_builder_column_1_1 1_1 fusion-flex-column\" style=\"--awb-bg-color:#f9fbd3;--awb-bg-color-hover:#f9fbd3;--awb-bg-size:cover;--awb-width-large:100%;--awb-margin-top-large:0px;--awb-spacing-right-large:1.92%;--awb-margin-bottom-large:0px;--awb-spacing-left-large:1.92%;--awb-width-medium:100%;--awb-order-medium:0;--awb-spacing-right-medium:1.92%;--awb-spacing-left-medium:1.92%;--awb-width-small:100%;--awb-order-small:0;--awb-spacing-right-small:1.92%;--awb-spacing-left-small:1.92%;\" data-scroll-devices=\"small-visibility,medium-visibility,large-visibility\"><div class=\"fusion-column-wrapper fusion-column-has-shadow fusion-flex-justify-content-flex-start fusion-content-layout-column\"><div class=\"fusion-text fusion-text-1\"><p><strong>HELP Reisebegleitung \/ HELP accompagnement de voyages<\/strong><br \/>\nBarbara Hoffmann-Schmidt<br \/>\nAm Kapellenberg 3<br \/>\n66701 Beckingen<\/p>\n<p>T\u00e9l\u00e9phone portable: 01 60 \/ 7 42 26 46<br \/>\nE-Mail:\u00a0<a href=\"mailto:kontakt@help-reisebegleitung.de\">kontakt@help-reisebegleitung.de<\/a><br \/>\nInternet:\u00a0<a href=\"https:\/\/help-reisebegleitung.de\/fr\/\">help-reisebegleitung.de<\/a><\/p>\n<p><strong>Pr\u00e9sidente-directrice g\u00e9n\u00e9rale:<\/strong><br \/>\nBarbara Hoffmann-Schmidt<\/p>\n<p><strong>La responsable du contenu conforme \u00e0 \u00a7 18 Abs. 2 MStV:<\/strong><br \/>\nBarbara Hoffmann-Schmidt<br \/>\n(Adresse comme ci-dessus)<\/p>\n<p><strong>Cr\u00e9dits photographiques:<\/strong><\/p>\n<p>Propres images<\/p>\n<p>Images d&rsquo;Adobe Stock:<\/p>\n<ul>\n<li><a href=\"https:\/\/stock.adobe.com\/de\/images\/disabled-woman-at-the-beach\/109483934?as_campaign=ftmigration2&amp;as_channel=dpcft&amp;as_campclass=brand&amp;as_source=ft_web&amp;as_camptype=acquisition&amp;as_audience=users&amp;as_content=closure_asset-detail-page\" target=\"_blank\" rel=\"noopener\"><span style=\"font-size: 10pt;\">\u00a9 amophoto.net\u00a0#109483934\/ Adobe Stock<\/span><\/a><\/li>\n<li><a href=\"https:\/\/stock.adobe.com\/de\/images\/happy-family-mother-with-baby-girl-dive-underwater-with-fun-in-sea-pool-healthy-lifestyle-active-parent-people-water-sport-outdoor-adventure-swimming-lessons-on-beach-summer-holidays-with-child\/136726815?as_campaign=ftmigration2&amp;as_channel=dpcft&amp;as_campclass=brand&amp;as_source=ft_web&amp;as_camptype=acquisition&amp;as_audience=users&amp;as_content=closure_asset-detail-page\" target=\"_blank\" rel=\"noopener\"><span style=\"font-size: 10pt;\">\u00a9 Tropical studio\u00a0#136726815\/ Adobe Stock<\/span><\/a><\/li>\n<li><a href=\"https:\/\/stock.adobe.com\/de\/images\/happy-senior-couple-in-summer\/136356373?as_campaign=ftmigration2&amp;as_channel=dpcft&amp;as_campclass=brand&amp;as_source=ft_web&amp;as_camptype=acquisition&amp;as_audience=users&amp;as_content=closure_asset-detail-page\" target=\"_blank\" rel=\"noopener\"><span style=\"font-size: 10pt;\">\u00a9 aletia2011 #136356373\/ Adobe Stock<\/span><\/a><\/li>\n<\/ul>\n<p>Images de Pixabay et Pexels:<\/p>\n<ul>\n<li>Strandfoto \u00a9 Pexels\/Pixabay.com<\/li>\n<li>Geldb\u00f6rse: \u00a9 Jakub Zerdzick\/Pexels.com<\/li>\n<li>Reisegep\u00e4ck: \u00a9 Ali \u00dcnl\u00fcsoy\/Pexels.com<\/li>\n<\/ul>\n<\/div><div class=\"fusion-text fusion-text-2\"><p><strong>R\u00e8glement des litiges de consommation\/organisme de conciliation universel<\/strong><br \/>\nNous ne sommes pas pr\u00eats ou oblig\u00e9s de participer \u00e0 des proc\u00e9dures de r\u00e8glement des litiges devant un organisme de conciliation des consommateurs.<\/p>\n<\/div><\/div><\/div><\/div><\/div>\n","protected":false},"excerpt":{"rendered":"","protected":false},"author":1,"featured_media":0,"parent":0,"menu_order":0,"comment_status":"closed","ping_status":"open","template":"","meta":{"footnotes":""},"class_list":["post-551","page","type-page","status-publish","hentry"],"yoast_head":"<!-- This site is optimized with the Yoast SEO plugin v26.9 - https:\/\/yoast.com\/product\/yoast-seo-wordpress\/ -->\n<title>HELP accompagnement de voyages: Pour des gens avec besoin en accompagnement et\/ ou en soin<\/title>\n<meta name=\"description\" content=\"Nous de HELP accompagnement de voyages vous soutenons dans votre voyage, pour que vous restiez mobile malgr\u00e9 votre besoin en accompagnement et\/ ou en soin et pour que vous puissiez r\u00e9aliser vos r\u00eaves de voyage.\" \/>\n<meta name=\"robots\" content=\"index, follow, max-snippet:-1, max-image-preview:large, max-video-preview:-1\" \/>\n<link rel=\"canonical\" href=\"https:\/\/help-reisebegleitung.de\/fr\/mentions-legales\/\" \/>\n<meta property=\"og:locale\" content=\"fr_FR\" \/>\n<meta property=\"og:type\" content=\"article\" \/>\n<meta property=\"og:title\" content=\"HELP accompagnement de voyages: Pour des gens avec besoin en accompagnement et\/ ou en soin\" \/>\n<meta property=\"og:description\" content=\"Nous de HELP accompagnement de voyages vous soutenons dans votre voyage, pour que vous restiez mobile malgr\u00e9 votre besoin en accompagnement et\/ ou en soin et pour que vous puissiez r\u00e9aliser vos r\u00eaves de voyage.\" \/>\n<meta property=\"og:url\" content=\"https:\/\/help-reisebegleitung.de\/fr\/mentions-legales\/\" \/>\n<meta property=\"og:site_name\" content=\"HELP Reisebegleitung\" \/>\n<meta property=\"article:modified_time\" content=\"2026-02-16T12:47:45+00:00\" \/>\n<meta name=\"twitter:card\" content=\"summary_large_image\" \/>\n<meta name=\"twitter:label1\" content=\"Dur\u00e9e de lecture estim\u00e9e\" \/>\n\t<meta name=\"twitter:data1\" content=\"1 minute\" \/>\n<script type=\"application\/ld+json\" class=\"yoast-schema-graph\">{\"@context\":\"https:\/\/schema.org\",\"@graph\":[{\"@type\":\"WebPage\",\"@id\":\"https:\/\/help-reisebegleitung.de\/fr\/mentions-legales\/\",\"url\":\"https:\/\/help-reisebegleitung.de\/fr\/mentions-legales\/\",\"name\":\"HELP accompagnement de voyages: Pour des gens avec besoin en accompagnement et\/ ou en soin\",\"isPartOf\":{\"@id\":\"https:\/\/help-reisebegleitung.de\/#website\"},\"datePublished\":\"2017-07-18T08:06:58+00:00\",\"dateModified\":\"2026-02-16T12:47:45+00:00\",\"description\":\"Nous de HELP accompagnement de voyages vous soutenons dans votre voyage, pour que vous restiez mobile malgr\u00e9 votre besoin en accompagnement et\/ ou en soin et pour que vous puissiez r\u00e9aliser vos r\u00eaves de voyage.\",\"breadcrumb\":{\"@id\":\"https:\/\/help-reisebegleitung.de\/fr\/mentions-legales\/#breadcrumb\"},\"inLanguage\":\"fr-FR\",\"potentialAction\":[{\"@type\":\"ReadAction\",\"target\":[\"https:\/\/help-reisebegleitung.de\/fr\/mentions-legales\/\"]}]},{\"@type\":\"BreadcrumbList\",\"@id\":\"https:\/\/help-reisebegleitung.de\/fr\/mentions-legales\/#breadcrumb\",\"itemListElement\":[{\"@type\":\"ListItem\",\"position\":1,\"name\":\"Startseite\",\"item\":\"https:\/\/help-reisebegleitung.de\/fr\/\"},{\"@type\":\"ListItem\",\"position\":2,\"name\":\"Mentions l\u00e9gales\"}]},{\"@type\":\"WebSite\",\"@id\":\"https:\/\/help-reisebegleitung.de\/#website\",\"url\":\"https:\/\/help-reisebegleitung.de\/\",\"name\":\"HELP Reisebegleitung\",\"description\":\"Reisebegleitung f\u00fcr Menschen mit Betreuungs- oder Pflegebedarf\",\"potentialAction\":[{\"@type\":\"SearchAction\",\"target\":{\"@type\":\"EntryPoint\",\"urlTemplate\":\"https:\/\/help-reisebegleitung.de\/?s={search_term_string}\"},\"query-input\":{\"@type\":\"PropertyValueSpecification\",\"valueRequired\":true,\"valueName\":\"search_term_string\"}}],\"inLanguage\":\"fr-FR\"}]}<\/script>\n<!-- \/ Yoast SEO plugin. -->","yoast_head_json":{"title":"HELP accompagnement de voyages: Pour des gens avec besoin en accompagnement et\/ ou en soin","description":"Nous de HELP accompagnement de voyages vous soutenons dans votre voyage, pour que vous restiez mobile malgr\u00e9 votre besoin en accompagnement et\/ ou en soin et pour que vous puissiez r\u00e9aliser vos r\u00eaves de voyage.","robots":{"index":"index","follow":"follow","max-snippet":"max-snippet:-1","max-image-preview":"max-image-preview:large","max-video-preview":"max-video-preview:-1"},"canonical":"https:\/\/help-reisebegleitung.de\/fr\/mentions-legales\/","og_locale":"fr_FR","og_type":"article","og_title":"HELP accompagnement de voyages: Pour des gens avec besoin en accompagnement et\/ ou en soin","og_description":"Nous de HELP accompagnement de voyages vous soutenons dans votre voyage, pour que vous restiez mobile malgr\u00e9 votre besoin en accompagnement et\/ ou en soin et pour que vous puissiez r\u00e9aliser vos r\u00eaves de voyage.","og_url":"https:\/\/help-reisebegleitung.de\/fr\/mentions-legales\/","og_site_name":"HELP Reisebegleitung","article_modified_time":"2026-02-16T12:47:45+00:00","twitter_card":"summary_large_image","twitter_misc":{"Dur\u00e9e de lecture estim\u00e9e":"1 minute"},"schema":{"@context":"https:\/\/schema.org","@graph":[{"@type":"WebPage","@id":"https:\/\/help-reisebegleitung.de\/fr\/mentions-legales\/","url":"https:\/\/help-reisebegleitung.de\/fr\/mentions-legales\/","name":"HELP accompagnement de voyages: Pour des gens avec besoin en accompagnement et\/ ou en soin","isPartOf":{"@id":"https:\/\/help-reisebegleitung.de\/#website"},"datePublished":"2017-07-18T08:06:58+00:00","dateModified":"2026-02-16T12:47:45+00:00","description":"Nous de HELP accompagnement de voyages vous soutenons dans votre voyage, pour que vous restiez mobile malgr\u00e9 votre besoin en accompagnement et\/ ou en soin et pour que vous puissiez r\u00e9aliser vos r\u00eaves de voyage.","breadcrumb":{"@id":"https:\/\/help-reisebegleitung.de\/fr\/mentions-legales\/#breadcrumb"},"inLanguage":"fr-FR","potentialAction":[{"@type":"ReadAction","target":["https:\/\/help-reisebegleitung.de\/fr\/mentions-legales\/"]}]},{"@type":"BreadcrumbList","@id":"https:\/\/help-reisebegleitung.de\/fr\/mentions-legales\/#breadcrumb","itemListElement":[{"@type":"ListItem","position":1,"name":"Startseite","item":"https:\/\/help-reisebegleitung.de\/fr\/"},{"@type":"ListItem","position":2,"name":"Mentions l\u00e9gales"}]},{"@type":"WebSite","@id":"https:\/\/help-reisebegleitung.de\/#website","url":"https:\/\/help-reisebegleitung.de\/","name":"HELP Reisebegleitung","description":"Reisebegleitung f\u00fcr Menschen mit Betreuungs- oder Pflegebedarf","potentialAction":[{"@type":"SearchAction","target":{"@type":"EntryPoint","urlTemplate":"https:\/\/help-reisebegleitung.de\/?s={search_term_string}"},"query-input":{"@type":"PropertyValueSpecification","valueRequired":true,"valueName":"search_term_string"}}],"inLanguage":"fr-FR"}]}},"_links":{"self":[{"href":"https:\/\/help-reisebegleitung.de\/fr\/wp-json\/wp\/v2\/pages\/551","targetHints":{"allow":["GET"]}}],"collection":[{"href":"https:\/\/help-reisebegleitung.de\/fr\/wp-json\/wp\/v2\/pages"}],"about":[{"href":"https:\/\/help-reisebegleitung.de\/fr\/wp-json\/wp\/v2\/types\/page"}],"author":[{"embeddable":true,"href":"https:\/\/help-reisebegleitung.de\/fr\/wp-json\/wp\/v2\/users\/1"}],"replies":[{"embeddable":true,"href":"https:\/\/help-reisebegleitung.de\/fr\/wp-json\/wp\/v2\/comments?post=551"}],"version-history":[{"count":12,"href":"https:\/\/help-reisebegleitung.de\/fr\/wp-json\/wp\/v2\/pages\/551\/revisions"}],"predecessor-version":[{"id":1148,"href":"https:\/\/help-reisebegleitung.de\/fr\/wp-json\/wp\/v2\/pages\/551\/revisions\/1148"}],"wp:attachment":[{"href":"https:\/\/help-reisebegleitung.de\/fr\/wp-json\/wp\/v2\/media?parent=551"}],"curies":[{"name":"wp","href":"https:\/\/api.w.org\/{rel}","templated":true}]}}